{"id":567,"date":"2024-06-05T12:08:30","date_gmt":"2024-06-05T10:08:30","guid":{"rendered":"https:\/\/www.veqexperience.com\/?post_type=product&#038;p=567"},"modified":"2024-09-02T17:55:41","modified_gmt":"2024-09-02T15:55:41","slug":"gonna-longhette","status":"publish","type":"product","link":"https:\/\/www.veqexperience.com\/fr\/product\/gonna-longhette\/","title":{"rendered":"Jupe longue"},"content":{"rendered":"","protected":false},"excerpt":{"rendered":"<p>Laissez-vous envelopper par le luxe de notre jupe longuette en pure soie, un v\u00eatement \u00e9l\u00e9gant et sensuel con\u00e7u pour celles qui souhaitent ne pas passer inaper\u00e7ues. Fabriqu\u00e9e en soie de la plus haute qualit\u00e9, cette jupe semi-transparente exprime la ra\ufb03nesty et la s\u00e9duction dans ses moindres d\u00e9tails. Portez notre jupe longuette en pure soie pour une occasion sp\u00e9ciale ou une soir\u00e9e inoubliable. Parfaite pour celles qui aiment se d\u00e9marquer avec style et classe, ce v\u00eatement vous rendra unique et irr\u00e9sistible. D\u00e9couvrez l'\u00e9l\u00e9gance intemporelle de la soie et appropriez-vous une pi\u00e8ce qui met en valeur la f\u00e9minit\u00e9 avec une sophistication in\u00e9gal\u00e9e. Aucune nouvelle ressource n'a \u00e9t\u00e9 utilis\u00e9e pour fabriquer cette jupe, car elle fait partie de notre s\u00e9lection de tissus circulaires.<\/p>","protected":false},"featured_media":513,"comment_status":"open","ping_status":"closed","template":"","meta":{"_kadence_starter_templates_imported_post":false,"_kad_post_transparent":"default","_kad_post_title":"","_kad_post_layout":"default","_kad_post_sidebar_id":"","_kad_post_content_style":"default","_kad_post_vertical_padding":"default","_kad_post_feature":"","_kad_post_feature_position":"","_kad_post_header":false,"_kad_post_footer":false,"_kad_post_classname":""},"product_brand":[],"product_cat":[46],"product_tag":[40],"class_list":{"0":"post-567","1":"product","2":"type-product","3":"status-publish","4":"has-post-thumbnail","6":"product_cat-gonna","7":"product_tag-seta","9":"first","10":"instock","11":"shipping-taxable","12":"purchasable","13":"product-type-variable","14":"has-default-attributes","15":"entry","16":"content-bg","17":"loop-entry"},"vendbase_acf":null,"vendbase_metabox":null,"_links":{"self":[{"href":"https:\/\/www.veqexperience.com\/fr\/wp-json\/wp\/v2\/product\/567","targetHints":{"allow":["GET"]}}],"collection":[{"href":"https:\/\/www.veqexperience.com\/fr\/wp-json\/wp\/v2\/product"}],"about":[{"href":"https:\/\/www.veqexperience.com\/fr\/wp-json\/wp\/v2\/types\/product"}],"replies":[{"embeddable":true,"href":"https:\/\/www.veqexperience.com\/fr\/wp-json\/wp\/v2\/comments?post=567"}],"wp:featuredmedia":[{"embeddable":true,"href":"https:\/\/www.veqexperience.com\/fr\/wp-json\/wp\/v2\/media\/513"}],"wp:attachment":[{"href":"https:\/\/www.veqexperience.com\/fr\/wp-json\/wp\/v2\/media?parent=567"}],"wp:term":[{"taxonomy":"product_brand","embeddable":true,"href":"https:\/\/www.veqexperience.com\/fr\/wp-json\/wp\/v2\/product_brand?post=567"},{"taxonomy":"product_cat","embeddable":true,"href":"https:\/\/www.veqexperience.com\/fr\/wp-json\/wp\/v2\/product_cat?post=567"},{"taxonomy":"product_tag","embeddable":true,"href":"https:\/\/www.veqexperience.com\/fr\/wp-json\/wp\/v2\/product_tag?post=567"}],"curies":[{"name":"wp","href":"https:\/\/api.w.org\/{rel}","templated":true}]}}