{"id":549,"date":"2024-06-05T11:54:35","date_gmt":"2024-06-05T09:54:35","guid":{"rendered":"https:\/\/www.veqexperience.com\/?post_type=product&#038;p=549"},"modified":"2024-09-02T17:56:03","modified_gmt":"2024-09-02T15:56:03","slug":"abito-lungo-capri","status":"publish","type":"product","link":"https:\/\/www.veqexperience.com\/fr\/product\/abito-lungo-capri\/","title":{"rendered":"Robe longue Capri"},"content":{"rendered":"","protected":false},"excerpt":{"rendered":"<p>D\u00e9couvrez l'essence de l'\u00e9l\u00e9gance et de la sensualit\u00e9 avec notre robe longue, con\u00e7ue pour \u00e9voquer l'esprit sophistiqu\u00e9 de la bella vita de Capri. Confectionn\u00e9e dans des tissus de grande qualit\u00e9, cette robe pr\u00e9sente des jeux de transparence ra\ufb03nate qui mettent en valeur votre f\u00e9minit\u00e9 de mani\u00e8re subtile et sophistiqu\u00e9e.<\/p>\n<p>Parfaite pour les soir\u00e9es d'\u00e9t\u00e9, les promenades en bord de mer et les \u00e9v\u00e9nements les plus exclusifs, cette robe longue incarne le style intemporel et l'\u00e9l\u00e9gance d\u00e9contract\u00e9e typiques de l'\u00eele de Capri. Laissez-vous envelopper par sa l\u00e9g\u00e8ret\u00e9 et donnez une nouvelle dimension \u00e0 votre garde-robe estivale.<\/p>\n<p>La beaut\u00e9 de cette robe r\u00e9side dans sa polyvalence : elle peut \u00eatre doubl\u00e9e \u00e0 volont\u00e9 pour un maximum de confort et de discr\u00e9tion, moyennant un suppl\u00e9ment de prix.<\/p>","protected":false},"featured_media":517,"comment_status":"open","ping_status":"closed","template":"","meta":{"_kadence_starter_templates_imported_post":false,"_kad_post_transparent":"default","_kad_post_title":"","_kad_post_layout":"default","_kad_post_sidebar_id":"","_kad_post_content_style":"default","_kad_post_vertical_padding":"default","_kad_post_feature":"","_kad_post_feature_position":"","_kad_post_header":false,"_kad_post_footer":false,"_kad_post_classname":""},"product_brand":[],"product_cat":[36],"product_tag":[37,38],"class_list":{"0":"post-549","1":"product","2":"type-product","3":"status-publish","4":"has-post-thumbnail","6":"product_cat-abito","7":"product_tag-capri","8":"product_tag-paillettes","10":"first","11":"instock","12":"shipping-taxable","13":"purchasable","14":"product-type-variable","15":"has-default-attributes","16":"entry","17":"content-bg","18":"loop-entry"},"vendbase_acf":null,"vendbase_metabox":null,"_links":{"self":[{"href":"https:\/\/www.veqexperience.com\/fr\/wp-json\/wp\/v2\/product\/549","targetHints":{"allow":["GET"]}}],"collection":[{"href":"https:\/\/www.veqexperience.com\/fr\/wp-json\/wp\/v2\/product"}],"about":[{"href":"https:\/\/www.veqexperience.com\/fr\/wp-json\/wp\/v2\/types\/product"}],"replies":[{"embeddable":true,"href":"https:\/\/www.veqexperience.com\/fr\/wp-json\/wp\/v2\/comments?post=549"}],"wp:featuredmedia":[{"embeddable":true,"href":"https:\/\/www.veqexperience.com\/fr\/wp-json\/wp\/v2\/media\/517"}],"wp:attachment":[{"href":"https:\/\/www.veqexperience.com\/fr\/wp-json\/wp\/v2\/media?parent=549"}],"wp:term":[{"taxonomy":"product_brand","embeddable":true,"href":"https:\/\/www.veqexperience.com\/fr\/wp-json\/wp\/v2\/product_brand?post=549"},{"taxonomy":"product_cat","embeddable":true,"href":"https:\/\/www.veqexperience.com\/fr\/wp-json\/wp\/v2\/product_cat?post=549"},{"taxonomy":"product_tag","embeddable":true,"href":"https:\/\/www.veqexperience.com\/fr\/wp-json\/wp\/v2\/product_tag?post=549"}],"curies":[{"name":"wp","href":"https:\/\/api.w.org\/{rel}","templated":true}]}}