{"id":532,"date":"2024-06-05T11:42:50","date_gmt":"2024-06-05T09:42:50","guid":{"rendered":"https:\/\/www.veqexperience.com\/?post_type=product&#038;p=532"},"modified":"2024-09-02T17:56:17","modified_gmt":"2024-09-02T15:56:17","slug":"completo-rose","status":"publish","type":"product","link":"https:\/\/www.veqexperience.com\/fr\/product\/completo-rose\/","title":{"rendered":"Costume rose : veste + jupe"},"content":{"rendered":"","protected":false},"excerpt":{"rendered":"<p>D\u00e9couvrez le costume tendance \"Rose\", une combinaison exclusive fabriqu\u00e9e \u00e0 partir de tissus durables et r\u00e9utilisables qui ne gaspillent pas de nouvelles ressources. Cette veste unique se distingue par ses coupes modernes et ses applications de roses faites \u00e0 la main, con\u00e7ues pour mettre en valeur le physique f\u00e9minin. Le design met en valeur la taille fine, soulignant les hanches et les \u00e9paules de mani\u00e8re ra\ufb03nate.<br \/>\nFabriqu\u00e9e \u00e0 la main en Italie, cette veste repr\u00e9sente la combinaison parfaite de la mode et de la durabilit\u00e9, avec un processus de production qui a un faible impact sur l'environnement. Portez un v\u00eatement qui vous permettra non seulement de vous sentir \u00e9l\u00e9gant et \u00e0 la mode, mais aussi d'\u00eatre fier de contribuer \u00e0 un avenir plus durable.<\/p>","protected":false},"featured_media":519,"comment_status":"open","ping_status":"closed","template":"","meta":{"_kadence_starter_templates_imported_post":false,"_kad_post_transparent":"default","_kad_post_title":"","_kad_post_layout":"default","_kad_post_sidebar_id":"","_kad_post_content_style":"default","_kad_post_vertical_padding":"default","_kad_post_feature":"","_kad_post_feature_position":"","_kad_post_header":false,"_kad_post_footer":false,"_kad_post_classname":""},"product_brand":[],"product_cat":[35],"product_tag":[],"class_list":{"0":"post-532","1":"product","2":"type-product","3":"status-publish","4":"has-post-thumbnail","6":"product_cat-completi","8":"first","9":"instock","10":"shipping-taxable","11":"purchasable","12":"product-type-variable","13":"has-default-attributes","14":"entry","15":"content-bg","16":"loop-entry"},"vendbase_acf":null,"vendbase_metabox":null,"_links":{"self":[{"href":"https:\/\/www.veqexperience.com\/fr\/wp-json\/wp\/v2\/product\/532","targetHints":{"allow":["GET"]}}],"collection":[{"href":"https:\/\/www.veqexperience.com\/fr\/wp-json\/wp\/v2\/product"}],"about":[{"href":"https:\/\/www.veqexperience.com\/fr\/wp-json\/wp\/v2\/types\/product"}],"replies":[{"embeddable":true,"href":"https:\/\/www.veqexperience.com\/fr\/wp-json\/wp\/v2\/comments?post=532"}],"wp:featuredmedia":[{"embeddable":true,"href":"https:\/\/www.veqexperience.com\/fr\/wp-json\/wp\/v2\/media\/519"}],"wp:attachment":[{"href":"https:\/\/www.veqexperience.com\/fr\/wp-json\/wp\/v2\/media?parent=532"}],"wp:term":[{"taxonomy":"product_brand","embeddable":true,"href":"https:\/\/www.veqexperience.com\/fr\/wp-json\/wp\/v2\/product_brand?post=532"},{"taxonomy":"product_cat","embeddable":true,"href":"https:\/\/www.veqexperience.com\/fr\/wp-json\/wp\/v2\/product_cat?post=532"},{"taxonomy":"product_tag","embeddable":true,"href":"https:\/\/www.veqexperience.com\/fr\/wp-json\/wp\/v2\/product_tag?post=532"}],"curies":[{"name":"wp","href":"https:\/\/api.w.org\/{rel}","templated":true}]}}