{"id":960,"date":"2024-08-03T00:30:59","date_gmt":"2024-08-02T22:30:59","guid":{"rendered":"https:\/\/www.veqexperience.com\/?page_id=960"},"modified":"2024-08-03T00:35:17","modified_gmt":"2024-08-02T22:35:17","slug":"boutique","status":"publish","type":"page","link":"https:\/\/www.veqexperience.com\/fr\/boutique\/","title":{"rendered":"Boutique"},"content":{"rendered":"<div data-elementor-type=\"wp-page\" data-elementor-id=\"960\" class=\"elementor elementor-960\" data-elementor-post-type=\"page\">\n\t\t\t\t<div class=\"elementor-element elementor-element-ec56444 e-flex e-con-boxed e-con e-parent\" data-id=\"ec56444\" data-element_type=\"container\" data-e-type=\"container\" data-settings=\"{&quot;jet_parallax_layout_list&quot;:[],&quot;background_background&quot;:&quot;classic&quot;}\">\n\t\t\t\t\t<div class=\"e-con-inner\">\n\t\t\t\t\t<\/div>\n\t\t\t\t<\/div>\n\t\t<div class=\"elementor-element elementor-element-5307bcc e-flex e-con-boxed e-con e-parent\" data-id=\"5307bcc\" data-element_type=\"container\" data-e-type=\"container\" data-settings=\"{&quot;jet_parallax_layout_list&quot;:[]}\">\n\t\t\t\t\t<div class=\"e-con-inner\">\n\t\t<div class=\"elementor-element elementor-element-df4d0ab e-flex e-con-boxed e-con e-child\" data-id=\"df4d0ab\" data-element_type=\"container\" data-e-type=\"container\" data-settings=\"{&quot;jet_parallax_layout_list&quot;:[]}\">\n\t\t\t\t\t<div class=\"e-con-inner\">\n\t\t\t\t<div class=\"elementor-element elementor-element-8c90ee9 elementor-widget elementor-widget-heading\" data-id=\"8c90ee9\" data-element_type=\"widget\" data-e-type=\"widget\" data-widget_type=\"heading.default\">\n\t\t\t\t<div class=\"elementor-widget-container\">\n\t\t\t\t\t<h2 class=\"elementor-heading-title elementor-size-default\">Boutique<\/h2>\t\t\t\t<\/div>\n\t\t\t\t<\/div>\n\t\t\t\t<div class=\"elementor-element elementor-element-5134b47 elementor-widget elementor-widget-text-editor\" data-id=\"5134b47\" data-element_type=\"widget\" data-e-type=\"widget\" data-widget_type=\"text-editor.default\">\n\t\t\t\t<div class=\"elementor-widget-container\">\n\t\t\t\t\t\t\t\t\t<p>Entrez dans l'univers Ve.Q EXPERIENCE, o\u00f9 l'\u00e9l\u00e9gance durable prend vie. Nos v\u00eatements, fabriqu\u00e9s \u00e0 partir de tissus naturels et recycl\u00e9s, repr\u00e9sentent l'essence m\u00eame de la mode consciente. Notre boutique offre une ambiance raffin\u00e9e et minimaliste.<\/p>\n<p><strong>Heures d'ouverture :<\/strong><\/p>\t\t\t\t\t\t\t\t<\/div>\n\t\t\t\t<\/div>\n\t\t\t\t<div class=\"elementor-element elementor-element-7567df6 elementor-widget elementor-widget-text-editor\" data-id=\"7567df6\" data-element_type=\"widget\" data-e-type=\"widget\" data-widget_type=\"text-editor.default\">\n\t\t\t\t<div class=\"elementor-widget-container\">\n\t\t\t\t\t\t\t\t\t<table class=\"opening-hours\">\r\n\t<tr class=\"day monday past weekday\">\r\n\t\t<th class=\"day-name\">Lundi :<\/th>\r\n\t\t<td class=\"hours\">10:00 - 18:30<\/td>\r\n\t<\/tr>\r\n\t<tr class=\"day tuesday past weekday\">\r\n\t\t<th class=\"day-name\">Mardi :<\/th>\r\n\t\t<td class=\"hours\">10:00 - 18:30<\/td>\r\n\t<\/tr>\r\n\t<tr class=\"day wednesday past weekday\">\r\n\t\t<th class=\"day-name\">Mercredi :<\/th>\r\n\t\t<td class=\"hours\">10:00 - 18:30<\/td>\r\n\t<\/tr>\r\n\t<tr class=\"day thursday past weekday\">\r\n\t\t<th class=\"day-name\">Jeudi :<\/th>\r\n\t\t<td class=\"hours\">09:00 - 18:00<\/td>\r\n\t<\/tr>\r\n\t<tr class=\"day friday past weekday\">\r\n\t\t<th class=\"day-name\">Vendredi :<\/th>\r\n\t\t<td class=\"hours\">10:00 - 18:30<\/td>\r\n\t<\/tr>\r\n\t<tr class=\"day saturday today weekend closed\">\r\n\t\t<th class=\"day-name\">Samedi :<\/th>\r\n\t\t<td class=\"hours\">Ferm\u00e9<\/td>\r\n\t<\/tr>\r\n\t<tr class=\"day sunday tomorrow future closed\">\r\n\t\t<th class=\"day-name\">Dimanche :<\/th>\r\n\t\t<td class=\"hours\">Ferm\u00e9<\/td>\r\n\t<\/tr>\r\n<\/table>\r\n\t\t\t\t\t\t\t\t<\/div>\n\t\t\t\t<\/div>\n\t\t\t\t<div class=\"elementor-element elementor-element-1b10893 elementor-widget elementor-widget-google_maps\" data-id=\"1b10893\" data-element_type=\"widget\" data-e-type=\"widget\" data-widget_type=\"google_maps.default\">\n\t\t\t\t<div class=\"elementor-widget-container\">\n\t\t\t\t\t\t\t<div class=\"elementor-custom-embed\">\n\t\t\t<iframe loading=\"lazy\"\n\t\t\t\t\tsrc=\"https:\/\/maps.google.com\/maps?q=ve.q%20experience%20ronciglione&#038;t=m&#038;z=10&#038;output=embed&#038;iwloc=near\"\n\t\t\t\t\ttitle=\"exp\u00e9rience ve.q ronciglione\"\n\t\t\t\t\taria-label=\"exp\u00e9rience ve.q ronciglione\"\n\t\t\t><\/iframe>\n\t\t<\/div>\n\t\t\t\t\t\t<\/div>\n\t\t\t\t<\/div>\n\t\t\t\t\t<\/div>\n\t\t\t\t<\/div>\n\t\t<div class=\"elementor-element elementor-element-22d19d4 e-flex e-con-boxed e-con e-child\" data-id=\"22d19d4\" data-element_type=\"container\" data-e-type=\"container\" data-settings=\"{&quot;jet_parallax_layout_list&quot;:[]}\">\n\t\t\t\t\t<div class=\"e-con-inner\">\n\t\t\t\t<div class=\"elementor-element elementor-element-5c83d81 elementor-widget elementor-widget-image\" data-id=\"5c83d81\" data-element_type=\"widget\" data-e-type=\"widget\" data-widget_type=\"image.default\">\n\t\t\t\t<div class=\"elementor-widget-container\">\n\t\t\t\t\t\t\t\t\t\t\t\t\t\t\t<img fetchpriority=\"high\" decoding=\"async\" width=\"768\" height=\"1024\" src=\"https:\/\/www.veqexperience.com\/wp-content\/uploads\/2024\/08\/IMG_5803.HEIC-768x1024.jpg\" class=\"attachment-large size-large wp-image-962\" alt=\"\" srcset=\"https:\/\/www.veqexperience.com\/wp-content\/uploads\/2024\/08\/IMG_5803.HEIC-768x1024.jpg 768w, https:\/\/www.veqexperience.com\/wp-content\/uploads\/2024\/08\/IMG_5803.HEIC-225x300.jpg 225w, https:\/\/www.veqexperience.com\/wp-content\/uploads\/2024\/08\/IMG_5803.HEIC-1152x1536.jpg 1152w, https:\/\/www.veqexperience.com\/wp-content\/uploads\/2024\/08\/IMG_5803.HEIC-1536x2048.jpg 1536w, https:\/\/www.veqexperience.com\/wp-content\/uploads\/2024\/08\/IMG_5803.HEIC-9x12.jpg 9w, https:\/\/www.veqexperience.com\/wp-content\/uploads\/2024\/08\/IMG_5803.HEIC-1500x2000.jpg 1500w, https:\/\/www.veqexperience.com\/wp-content\/uploads\/2024\/08\/IMG_5803.HEIC-scaled.jpg 1920w\" sizes=\"(max-width: 768px) 100vw, 768px\" \/>\t\t\t\t\t\t\t\t\t\t\t\t\t\t\t<\/div>\n\t\t\t\t<\/div>\n\t\t\t\t\t<\/div>\n\t\t\t\t<\/div>\n\t\t\t\t\t<\/div>\n\t\t\t\t<\/div>\n\t\t\t\t<\/div>","protected":false},"excerpt":{"rendered":"<p>Boutique Entrez dans l'univers Ve.Q EXPERIENCE, o\u00f9 l'\u00e9l\u00e9gance durable prend vie. Nos v\u00eatements, fabriqu\u00e9s \u00e0 partir de tissus naturels et recycl\u00e9s, repr\u00e9sentent l'essence m\u00eame de la mode consciente. Notre boutique offre une ambiance raffin\u00e9e et minimaliste. Heures d'ouverture :<\/p>","protected":false},"author":2,"featured_media":0,"parent":0,"menu_order":0,"comment_status":"closed","ping_status":"closed","template":"elementor_header_footer","meta":{"_kadence_starter_templates_imported_post":false,"_kad_post_transparent":"","_kad_post_title":"hide","_kad_post_layout":"fullwidth","_kad_post_sidebar_id":"","_kad_post_content_style":"unboxed","_kad_post_vertical_padding":"hide","_kad_post_feature":"hide","_kad_post_feature_position":"","_kad_post_header":false,"_kad_post_footer":false,"_kad_post_classname":"","footnotes":""},"class_list":["post-960","page","type-page","status-publish","hentry"],"_links":{"self":[{"href":"https:\/\/www.veqexperience.com\/fr\/wp-json\/wp\/v2\/pages\/960","targetHints":{"allow":["GET"]}}],"collection":[{"href":"https:\/\/www.veqexperience.com\/fr\/wp-json\/wp\/v2\/pages"}],"about":[{"href":"https:\/\/www.veqexperience.com\/fr\/wp-json\/wp\/v2\/types\/page"}],"author":[{"embeddable":true,"href":"https:\/\/www.veqexperience.com\/fr\/wp-json\/wp\/v2\/users\/2"}],"replies":[{"embeddable":true,"href":"https:\/\/www.veqexperience.com\/fr\/wp-json\/wp\/v2\/comments?post=960"}],"version-history":[{"count":28,"href":"https:\/\/www.veqexperience.com\/fr\/wp-json\/wp\/v2\/pages\/960\/revisions"}],"predecessor-version":[{"id":990,"href":"https:\/\/www.veqexperience.com\/fr\/wp-json\/wp\/v2\/pages\/960\/revisions\/990"}],"wp:attachment":[{"href":"https:\/\/www.veqexperience.com\/fr\/wp-json\/wp\/v2\/media?parent=960"}],"curies":[{"name":"wp","href":"https:\/\/api.w.org\/{rel}","templated":true}]}}