{"id":774,"date":"2024-06-10T13:49:50","date_gmt":"2024-06-10T11:49:50","guid":{"rendered":"https:\/\/www.veqexperience.com\/?page_id=774"},"modified":"2024-07-01T09:35:52","modified_gmt":"2024-07-01T07:35:52","slug":"about","status":"publish","type":"page","link":"https:\/\/www.veqexperience.com\/fr\/about\/","title":{"rendered":"A propos de"},"content":{"rendered":"<div data-elementor-type=\"wp-page\" data-elementor-id=\"774\" class=\"elementor elementor-774\" data-elementor-post-type=\"page\">\n\t\t\t\t<div class=\"elementor-element elementor-element-ec56444 e-flex e-con-boxed e-con e-parent\" data-id=\"ec56444\" data-element_type=\"container\" data-e-type=\"container\" data-settings=\"{&quot;jet_parallax_layout_list&quot;:[],&quot;background_background&quot;:&quot;classic&quot;}\">\n\t\t\t\t\t<div class=\"e-con-inner\">\n\t\t\t\t\t<\/div>\n\t\t\t\t<\/div>\n\t\t<div class=\"elementor-element elementor-element-5307bcc e-flex e-con-boxed e-con e-parent\" data-id=\"5307bcc\" data-element_type=\"container\" data-e-type=\"container\" data-settings=\"{&quot;jet_parallax_layout_list&quot;:[]}\">\n\t\t\t\t\t<div class=\"e-con-inner\">\n\t\t<div class=\"elementor-element elementor-element-df4d0ab e-flex e-con-boxed e-con e-child\" data-id=\"df4d0ab\" data-element_type=\"container\" data-e-type=\"container\" data-settings=\"{&quot;jet_parallax_layout_list&quot;:[]}\">\n\t\t\t\t\t<div class=\"e-con-inner\">\n\t\t\t\t<div class=\"elementor-element elementor-element-8c90ee9 elementor-widget elementor-widget-heading\" data-id=\"8c90ee9\" data-element_type=\"widget\" data-e-type=\"widget\" data-widget_type=\"heading.default\">\n\t\t\t\t<div class=\"elementor-widget-container\">\n\t\t\t\t\t<h2 class=\"elementor-heading-title elementor-size-default\">A propos de<\/h2>\t\t\t\t<\/div>\n\t\t\t\t<\/div>\n\t\t\t\t<div class=\"elementor-element elementor-element-2f4c5ba elementor-widget elementor-widget-text-editor\" data-id=\"2f4c5ba\" data-element_type=\"widget\" data-e-type=\"widget\" data-widget_type=\"text-editor.default\">\n\t\t\t\t<div class=\"elementor-widget-container\">\n\t\t\t\t\t\t\t\t\t<p>D\u00e8s l'\u00e2ge de 8 ans, Veronica Quadraroli a nourri un r\u00eave visionnaire qui allait fa\u00e7onner son avenir et aboutir \u00e0 la naissance de la c\u00e9l\u00e8bre marque Ve.Q. Ses r\u00eaveries d'enfant \u00e9taient remplies d'images de d\u00e9fil\u00e9s aquatiques orn\u00e9s de robes et de collections pr\u00e9cieuses, qui ont jet\u00e9 les bases d'un voyage extraordinaire dans le monde de la mode.<\/p><p>L'ascension de Veronica a commenc\u00e9 par ses premiers stages dans des ateliers de haute couture et de mariage, o\u00f9 elle a d\u00e9velopp\u00e9 une profonde appr\u00e9ciation de l'artisanat m\u00e9ticuleux et de la confection inh\u00e9rente aux v\u00eatements de qualit\u00e9. Apr\u00e8s avoir obtenu son dipl\u00f4me \u00e0 l'Acad\u00e9mie Altieri de Rome, elle s'est plong\u00e9e dans la cr\u00e9ation et la direction d'une capsule de v\u00eatements pour une marque \u00e9mergente, une exp\u00e9rience fondamentale qui a aliment\u00e9 sa passion pour l'industrie.<\/p><p>La carri\u00e8re de Veronica a pris un tournant d\u00e9cisif lorsqu'elle s'est int\u00e9ress\u00e9e \u00e0 la gestion et \u00e0 la vente au d\u00e9tail dans le monde de la mode. Ce changement strat\u00e9gique lui a permis d'acqu\u00e9rir des connaissances pr\u00e9cieuses et a ouvert la voie \u00e0 la r\u00e9alisation de son ambitieux projet, la marque Ve.Q..<\/p><p>Le style distinct de Veronica t\u00e9moigne de son d\u00e9sir d'\u00e9clairer les facettes introspectives de l'\u00e2me humaine, faisant de chaque cr\u00e9ation un phare de beaut\u00e9 et de charme. Ayant grandi dans un environnement rural, Veronica garde un lien profond avec ses racines, nourrissant un amour pour la terre, l'environnement et les animaux. Ce lien nourrit son engagement \u00e0 rendre la mode durable et respectueuse de l'environnement, en soutenant des tissus de qualit\u00e9 et des pratiques \u00e9thiques tout au long du processus de production.<\/p><p>Outre son d\u00e9vouement \u00e0 la mode, Veronica puise sa force dans ses exp\u00e9riences personnelles. Ayant \u00e9t\u00e9 confront\u00e9e \u00e0 l'adversit\u00e9 et aux abus, elle est une fervente partisane du f\u00e9minisme et de l'\u00e9mancipation des femmes, et s'efforce de se lib\u00e9rer.<\/p><p>des normes sociales. \u00c0 travers Ve.Q, il symbolise la libert\u00e9 et l'\u00e9mancipation.<\/p><p>La capacit\u00e9 de Veronica \u00e0 surmonter les difficult\u00e9s lui a insuffl\u00e9 une passion pour l'\u00e9ducation. Consciente des difficult\u00e9s \u00e0 \u00eatre reconnue, elle soutient activement l'\u00e9ducation des jeunes gar\u00e7ons et filles, transmettant connaissances et sagesse \u00e0 la prochaine g\u00e9n\u00e9ration d'aspirants designers.<\/p><p>En Veronica Quadraroli, le monde de la mode a trouv\u00e9 une dirigeante visionnaire qui non seulement fa\u00e7onne l'industrie gr\u00e2ce \u00e0 sa cr\u00e9ativit\u00e9, mais qui est aussi un phare pour la durabilit\u00e9, l'autonomisation et la poursuite continue des r\u00eaves. Son parcours, depuis une enfance pleine d'aspirations jusqu'\u00e0 la direction de Ve.Q, t\u00e9moigne du pouvoir de la d\u00e9termination et de la capacit\u00e9 \u00e0 transformer les r\u00eaves en r\u00e9alit\u00e9.<\/p>\t\t\t\t\t\t\t\t<\/div>\n\t\t\t\t<\/div>\n\t\t\t\t\t<\/div>\n\t\t\t\t<\/div>\n\t\t<div class=\"elementor-element elementor-element-22d19d4 e-flex e-con-boxed e-con e-child\" data-id=\"22d19d4\" data-element_type=\"container\" data-e-type=\"container\" data-settings=\"{&quot;jet_parallax_layout_list&quot;:[]}\">\n\t\t\t\t\t<div class=\"e-con-inner\">\n\t\t\t\t<div class=\"elementor-element elementor-element-5c83d81 elementor-widget elementor-widget-image\" data-id=\"5c83d81\" data-element_type=\"widget\" data-e-type=\"widget\" data-widget_type=\"image.default\">\n\t\t\t\t<div class=\"elementor-widget-container\">\n\t\t\t\t\t\t\t\t\t\t\t\t\t\t\t<img fetchpriority=\"high\" decoding=\"async\" width=\"830\" height=\"1024\" src=\"https:\/\/www.veqexperience.com\/wp-content\/uploads\/2024\/07\/WhatsApp-Image-2024-07-01-at-09.28.16-830x1024.jpeg\" class=\"attachment-large size-large wp-image-845\" alt=\"\" srcset=\"https:\/\/www.veqexperience.com\/wp-content\/uploads\/2024\/07\/WhatsApp-Image-2024-07-01-at-09.28.16-830x1024.jpeg 830w, https:\/\/www.veqexperience.com\/wp-content\/uploads\/2024\/07\/WhatsApp-Image-2024-07-01-at-09.28.16-243x300.jpeg 243w, https:\/\/www.veqexperience.com\/wp-content\/uploads\/2024\/07\/WhatsApp-Image-2024-07-01-at-09.28.16-768x947.jpeg 768w, https:\/\/www.veqexperience.com\/wp-content\/uploads\/2024\/07\/WhatsApp-Image-2024-07-01-at-09.28.16-10x12.jpeg 10w, https:\/\/www.veqexperience.com\/wp-content\/uploads\/2024\/07\/WhatsApp-Image-2024-07-01-at-09.28.16.jpeg 973w\" sizes=\"(max-width: 830px) 100vw, 830px\" \/>\t\t\t\t\t\t\t\t\t\t\t\t\t\t\t<\/div>\n\t\t\t\t<\/div>\n\t\t\t\t<div class=\"elementor-element elementor-element-6b3985d elementor-widget elementor-widget-image\" data-id=\"6b3985d\" data-element_type=\"widget\" data-e-type=\"widget\" data-widget_type=\"image.default\">\n\t\t\t\t<div class=\"elementor-widget-container\">\n\t\t\t\t\t\t\t\t\t\t\t\t\t\t\t<img decoding=\"async\" width=\"829\" height=\"1024\" src=\"https:\/\/www.veqexperience.com\/wp-content\/uploads\/2024\/07\/WhatsApp-Image-2024-07-01-at-09.28.06-829x1024.jpeg\" class=\"attachment-large size-large wp-image-846\" alt=\"\" srcset=\"https:\/\/www.veqexperience.com\/wp-content\/uploads\/2024\/07\/WhatsApp-Image-2024-07-01-at-09.28.06-829x1024.jpeg 829w, https:\/\/www.veqexperience.com\/wp-content\/uploads\/2024\/07\/WhatsApp-Image-2024-07-01-at-09.28.06-243x300.jpeg 243w, https:\/\/www.veqexperience.com\/wp-content\/uploads\/2024\/07\/WhatsApp-Image-2024-07-01-at-09.28.06-768x948.jpeg 768w, https:\/\/www.veqexperience.com\/wp-content\/uploads\/2024\/07\/WhatsApp-Image-2024-07-01-at-09.28.06-10x12.jpeg 10w, https:\/\/www.veqexperience.com\/wp-content\/uploads\/2024\/07\/WhatsApp-Image-2024-07-01-at-09.28.06.jpeg 1179w\" sizes=\"(max-width: 829px) 100vw, 829px\" \/>\t\t\t\t\t\t\t\t\t\t\t\t\t\t\t<\/div>\n\t\t\t\t<\/div>\n\t\t\t\t\t<\/div>\n\t\t\t\t<\/div>\n\t\t\t\t\t<\/div>\n\t\t\t\t<\/div>\n\t\t\t\t<\/div>","protected":false},"excerpt":{"rendered":"<p>\u00c0 propos D\u00e8s l'\u00e2ge de 8 ans, Veronica Quadraroli a nourri un r\u00eave visionnaire qui allait fa\u00e7onner son avenir et aboutir \u00e0 la naissance de la c\u00e9l\u00e8bre marque Ve.Q. Ses r\u00eaveries d'enfant \u00e9taient remplies d'images de d\u00e9fil\u00e9s aquatiques orn\u00e9s de robes et de collections pr\u00e9cieuses, qui ont jet\u00e9 les bases d'un voyage extraordinaire.<\/p>","protected":false},"author":2,"featured_media":0,"parent":0,"menu_order":0,"comment_status":"closed","ping_status":"closed","template":"elementor_header_footer","meta":{"_kadence_starter_templates_imported_post":false,"_kad_post_transparent":"","_kad_post_title":"hide","_kad_post_layout":"fullwidth","_kad_post_sidebar_id":"","_kad_post_content_style":"unboxed","_kad_post_vertical_padding":"hide","_kad_post_feature":"hide","_kad_post_feature_position":"","_kad_post_header":false,"_kad_post_footer":false,"_kad_post_classname":"","footnotes":""},"class_list":["post-774","page","type-page","status-publish","hentry"],"_links":{"self":[{"href":"https:\/\/www.veqexperience.com\/fr\/wp-json\/wp\/v2\/pages\/774","targetHints":{"allow":["GET"]}}],"collection":[{"href":"https:\/\/www.veqexperience.com\/fr\/wp-json\/wp\/v2\/pages"}],"about":[{"href":"https:\/\/www.veqexperience.com\/fr\/wp-json\/wp\/v2\/types\/page"}],"author":[{"embeddable":true,"href":"https:\/\/www.veqexperience.com\/fr\/wp-json\/wp\/v2\/users\/2"}],"replies":[{"embeddable":true,"href":"https:\/\/www.veqexperience.com\/fr\/wp-json\/wp\/v2\/comments?post=774"}],"version-history":[{"count":28,"href":"https:\/\/www.veqexperience.com\/fr\/wp-json\/wp\/v2\/pages\/774\/revisions"}],"predecessor-version":[{"id":861,"href":"https:\/\/www.veqexperience.com\/fr\/wp-json\/wp\/v2\/pages\/774\/revisions\/861"}],"wp:attachment":[{"href":"https:\/\/www.veqexperience.com\/fr\/wp-json\/wp\/v2\/media?parent=774"}],"curies":[{"name":"wp","href":"https:\/\/api.w.org\/{rel}","templated":true}]}}