{"id":829,"date":"2024-06-25T10:40:47","date_gmt":"2024-06-25T08:40:47","guid":{"rendered":"https:\/\/www.veqexperience.com\/?post_type=product&#038;p=829"},"modified":"2024-09-02T17:55:17","modified_gmt":"2024-09-02T15:55:17","slug":"giacca-rose","status":"publish","type":"product","link":"https:\/\/www.veqexperience.com\/es\/product\/giacca-rose\/","title":{"rendered":"Chaqueta rosa"},"content":{"rendered":"","protected":false},"excerpt":{"rendered":"<div class=\"c-cmpvrW\">\n<div class=\"c-jJCxdy\">\n<div class=\"c-hexxgk c-hexxgk-hakyQ-isActive-true\">\n<p>Completa tu look con nuestra chaqueta roja a juego y la minifalda Rose, dise\u00f1adas para realzar tu figura con un toque de elegancia. El dise\u00f1o distintivo de la chaqueta est\u00e1 pensado para favorecer la silueta y realzar la parte superior del cuerpo.<\/p>\n<p>Confeccionada con los mismos tejidos sostenibles que la chaqueta Rose, esta chaqueta no s\u00f3lo te har\u00e1 irresistible, sino que tambi\u00e9n contribuir\u00e1 a un consumo responsable y respetuoso con el medio ambiente. Una prenda artesanal, producida en Italia con una atenci\u00f3n impecable al detalle y una producci\u00f3n respetuosa con el medio ambiente. Ponte esta chaqueta para un conjunto coordinado que combine estilo, sostenibilidad y sofisticaci\u00f3n.<\/p>\n<\/div>\n<\/div>\n<\/div>","protected":false},"featured_media":505,"comment_status":"open","ping_status":"closed","template":"","meta":{"_kadence_starter_templates_imported_post":false,"_kad_post_transparent":"default","_kad_post_title":"","_kad_post_layout":"default","_kad_post_sidebar_id":"","_kad_post_content_style":"default","_kad_post_vertical_padding":"default","_kad_post_feature":"","_kad_post_feature_position":"","_kad_post_header":false,"_kad_post_footer":false,"_kad_post_classname":""},"product_brand":[],"product_cat":[46],"product_tag":[49,48],"class_list":{"0":"post-829","1":"product","2":"type-product","3":"status-publish","4":"has-post-thumbnail","6":"product_cat-gonna","7":"product_tag-minigonna","8":"product_tag-rose","10":"first","11":"instock","12":"shipping-taxable","13":"purchasable","14":"product-type-variable","15":"has-default-attributes","16":"entry","17":"content-bg","18":"loop-entry"},"vendbase_acf":null,"vendbase_metabox":null,"_links":{"self":[{"href":"https:\/\/www.veqexperience.com\/es\/wp-json\/wp\/v2\/product\/829","targetHints":{"allow":["GET"]}}],"collection":[{"href":"https:\/\/www.veqexperience.com\/es\/wp-json\/wp\/v2\/product"}],"about":[{"href":"https:\/\/www.veqexperience.com\/es\/wp-json\/wp\/v2\/types\/product"}],"replies":[{"embeddable":true,"href":"https:\/\/www.veqexperience.com\/es\/wp-json\/wp\/v2\/comments?post=829"}],"wp:featuredmedia":[{"embeddable":true,"href":"https:\/\/www.veqexperience.com\/es\/wp-json\/wp\/v2\/media\/505"}],"wp:attachment":[{"href":"https:\/\/www.veqexperience.com\/es\/wp-json\/wp\/v2\/media?parent=829"}],"wp:term":[{"taxonomy":"product_brand","embeddable":true,"href":"https:\/\/www.veqexperience.com\/es\/wp-json\/wp\/v2\/product_brand?post=829"},{"taxonomy":"product_cat","embeddable":true,"href":"https:\/\/www.veqexperience.com\/es\/wp-json\/wp\/v2\/product_cat?post=829"},{"taxonomy":"product_tag","embeddable":true,"href":"https:\/\/www.veqexperience.com\/es\/wp-json\/wp\/v2\/product_tag?post=829"}],"curies":[{"name":"wp","href":"https:\/\/api.w.org\/{rel}","templated":true}]}}