{"id":567,"date":"2024-06-05T12:08:30","date_gmt":"2024-06-05T10:08:30","guid":{"rendered":"https:\/\/www.veqexperience.com\/?post_type=product&#038;p=567"},"modified":"2024-09-02T17:55:41","modified_gmt":"2024-09-02T15:55:41","slug":"gonna-longhette","status":"publish","type":"product","link":"https:\/\/www.veqexperience.com\/es\/product\/gonna-longhette\/","title":{"rendered":"Falda larga"},"content":{"rendered":"","protected":false},"excerpt":{"rendered":"<p>D\u00e9jese envolver por el lujo de nuestra falda longuette de pura seda, una prenda elegante y sensual pensada para quienes desean no pasar desapercibidas. Confeccionada en seda de la mejor calidad, esta falda semitransparente expresa ra\ufb03ncia y seducci\u00f3n en cada detalle. Luzca nuestra falda longuette de pura seda para una ocasi\u00f3n especial o una velada inolvidable. Perfecta para quienes les gusta destacar con estilo y clase, esta prenda le har\u00e1 sentirse \u00fanica e irresistible. Descubra la elegancia atemporal de la seda y haga suya una pieza que realza la feminidad con una sofisticaci\u00f3n sin igual. No se han utilizado nuevos recursos para confeccionar esta falda, ya que pertenece a nuestra selecci\u00f3n de tejidos circulares<\/p>","protected":false},"featured_media":513,"comment_status":"open","ping_status":"closed","template":"","meta":{"_kadence_starter_templates_imported_post":false,"_kad_post_transparent":"default","_kad_post_title":"","_kad_post_layout":"default","_kad_post_sidebar_id":"","_kad_post_content_style":"default","_kad_post_vertical_padding":"default","_kad_post_feature":"","_kad_post_feature_position":"","_kad_post_header":false,"_kad_post_footer":false,"_kad_post_classname":""},"product_brand":[],"product_cat":[46],"product_tag":[40],"class_list":{"0":"post-567","1":"product","2":"type-product","3":"status-publish","4":"has-post-thumbnail","6":"product_cat-gonna","7":"product_tag-seta","9":"first","10":"instock","11":"shipping-taxable","12":"purchasable","13":"product-type-variable","14":"has-default-attributes","15":"entry","16":"content-bg","17":"loop-entry"},"vendbase_acf":null,"vendbase_metabox":null,"_links":{"self":[{"href":"https:\/\/www.veqexperience.com\/es\/wp-json\/wp\/v2\/product\/567","targetHints":{"allow":["GET"]}}],"collection":[{"href":"https:\/\/www.veqexperience.com\/es\/wp-json\/wp\/v2\/product"}],"about":[{"href":"https:\/\/www.veqexperience.com\/es\/wp-json\/wp\/v2\/types\/product"}],"replies":[{"embeddable":true,"href":"https:\/\/www.veqexperience.com\/es\/wp-json\/wp\/v2\/comments?post=567"}],"wp:featuredmedia":[{"embeddable":true,"href":"https:\/\/www.veqexperience.com\/es\/wp-json\/wp\/v2\/media\/513"}],"wp:attachment":[{"href":"https:\/\/www.veqexperience.com\/es\/wp-json\/wp\/v2\/media?parent=567"}],"wp:term":[{"taxonomy":"product_brand","embeddable":true,"href":"https:\/\/www.veqexperience.com\/es\/wp-json\/wp\/v2\/product_brand?post=567"},{"taxonomy":"product_cat","embeddable":true,"href":"https:\/\/www.veqexperience.com\/es\/wp-json\/wp\/v2\/product_cat?post=567"},{"taxonomy":"product_tag","embeddable":true,"href":"https:\/\/www.veqexperience.com\/es\/wp-json\/wp\/v2\/product_tag?post=567"}],"curies":[{"name":"wp","href":"https:\/\/api.w.org\/{rel}","templated":true}]}}