{"id":549,"date":"2024-06-05T11:54:35","date_gmt":"2024-06-05T09:54:35","guid":{"rendered":"https:\/\/www.veqexperience.com\/?post_type=product&#038;p=549"},"modified":"2024-09-02T17:56:03","modified_gmt":"2024-09-02T15:56:03","slug":"abito-lungo-capri","status":"publish","type":"product","link":"https:\/\/www.veqexperience.com\/es\/product\/abito-lungo-capri\/","title":{"rendered":"Vestido largo capri"},"content":{"rendered":"","protected":false},"excerpt":{"rendered":"<p>Descubre la esencia de la elegancia y la sensualidad con nuestro vestido largo, dise\u00f1ado para evocar el sofisticado esp\u00edritu de la bella vita de Capri. Confeccionado con tejidos de alta calidad, este vestido presenta ra\ufb03nados juegos de transparencias que realzan tu feminidad de forma sutil y sofisticada.<\/p>\n<p>Perfecto para las noches de verano, los paseos por el paseo mar\u00edtimo y los eventos m\u00e1s exclusivos, este vestido largo encarna el estilo atemporal y la elegancia relajada t\u00edpicos de la isla de Capri. D\u00e9jate envolver por su ligereza y lleva tu vestuario estival al siguiente nivel.<\/p>\n<p>La belleza de este vestido reside en su versatilidad: puede forrarse a voluntad para lograr la m\u00e1xima comodidad y discreci\u00f3n, por un suplemento.<\/p>","protected":false},"featured_media":517,"comment_status":"open","ping_status":"closed","template":"","meta":{"_kadence_starter_templates_imported_post":false,"_kad_post_transparent":"default","_kad_post_title":"","_kad_post_layout":"default","_kad_post_sidebar_id":"","_kad_post_content_style":"default","_kad_post_vertical_padding":"default","_kad_post_feature":"","_kad_post_feature_position":"","_kad_post_header":false,"_kad_post_footer":false,"_kad_post_classname":""},"product_brand":[],"product_cat":[36],"product_tag":[37,38],"class_list":{"0":"post-549","1":"product","2":"type-product","3":"status-publish","4":"has-post-thumbnail","6":"product_cat-abito","7":"product_tag-capri","8":"product_tag-paillettes","10":"first","11":"instock","12":"shipping-taxable","13":"purchasable","14":"product-type-variable","15":"has-default-attributes","16":"entry","17":"content-bg","18":"loop-entry"},"vendbase_acf":null,"vendbase_metabox":null,"_links":{"self":[{"href":"https:\/\/www.veqexperience.com\/es\/wp-json\/wp\/v2\/product\/549","targetHints":{"allow":["GET"]}}],"collection":[{"href":"https:\/\/www.veqexperience.com\/es\/wp-json\/wp\/v2\/product"}],"about":[{"href":"https:\/\/www.veqexperience.com\/es\/wp-json\/wp\/v2\/types\/product"}],"replies":[{"embeddable":true,"href":"https:\/\/www.veqexperience.com\/es\/wp-json\/wp\/v2\/comments?post=549"}],"wp:featuredmedia":[{"embeddable":true,"href":"https:\/\/www.veqexperience.com\/es\/wp-json\/wp\/v2\/media\/517"}],"wp:attachment":[{"href":"https:\/\/www.veqexperience.com\/es\/wp-json\/wp\/v2\/media?parent=549"}],"wp:term":[{"taxonomy":"product_brand","embeddable":true,"href":"https:\/\/www.veqexperience.com\/es\/wp-json\/wp\/v2\/product_brand?post=549"},{"taxonomy":"product_cat","embeddable":true,"href":"https:\/\/www.veqexperience.com\/es\/wp-json\/wp\/v2\/product_cat?post=549"},{"taxonomy":"product_tag","embeddable":true,"href":"https:\/\/www.veqexperience.com\/es\/wp-json\/wp\/v2\/product_tag?post=549"}],"curies":[{"name":"wp","href":"https:\/\/api.w.org\/{rel}","templated":true}]}}