{"id":532,"date":"2024-06-05T11:42:50","date_gmt":"2024-06-05T09:42:50","guid":{"rendered":"https:\/\/www.veqexperience.com\/?post_type=product&#038;p=532"},"modified":"2024-09-02T17:56:17","modified_gmt":"2024-09-02T15:56:17","slug":"completo-rose","status":"publish","type":"product","link":"https:\/\/www.veqexperience.com\/es\/product\/completo-rose\/","title":{"rendered":"Traje Rosa: Chaqueta + Falda"},"content":{"rendered":"","protected":false},"excerpt":{"rendered":"<p>Descubra el moderno traje \"Rosa\", una combinaci\u00f3n exclusiva confeccionada con tejidos sostenibles y reutilizables que no derrochan nuevos recursos. Esta chaqueta \u00fanica se distingue por sus cortes modernos y apliques de rosas hechos a mano, dise\u00f1ados para realzar el f\u00edsico femenino. El dise\u00f1o realza la esbelta cintura, resaltando las caderas y los hombros de forma ra\ufb03nate.<br \/>\nFabricada a mano en Italia, esta chaqueta representa la combinaci\u00f3n perfecta de moda y sostenibilidad, con un proceso de producci\u00f3n de bajo impacto ambiental. Ponte una prenda que no solo te har\u00e1 sentir elegante y a la moda, sino tambi\u00e9n orgulloso de contribuir a un futuro m\u00e1s sostenible.<\/p>","protected":false},"featured_media":519,"comment_status":"open","ping_status":"closed","template":"","meta":{"_kadence_starter_templates_imported_post":false,"_kad_post_transparent":"default","_kad_post_title":"","_kad_post_layout":"default","_kad_post_sidebar_id":"","_kad_post_content_style":"default","_kad_post_vertical_padding":"default","_kad_post_feature":"","_kad_post_feature_position":"","_kad_post_header":false,"_kad_post_footer":false,"_kad_post_classname":""},"product_brand":[],"product_cat":[35],"product_tag":[],"class_list":{"0":"post-532","1":"product","2":"type-product","3":"status-publish","4":"has-post-thumbnail","6":"product_cat-completi","8":"first","9":"instock","10":"shipping-taxable","11":"purchasable","12":"product-type-variable","13":"has-default-attributes","14":"entry","15":"content-bg","16":"loop-entry"},"vendbase_acf":null,"vendbase_metabox":null,"_links":{"self":[{"href":"https:\/\/www.veqexperience.com\/es\/wp-json\/wp\/v2\/product\/532","targetHints":{"allow":["GET"]}}],"collection":[{"href":"https:\/\/www.veqexperience.com\/es\/wp-json\/wp\/v2\/product"}],"about":[{"href":"https:\/\/www.veqexperience.com\/es\/wp-json\/wp\/v2\/types\/product"}],"replies":[{"embeddable":true,"href":"https:\/\/www.veqexperience.com\/es\/wp-json\/wp\/v2\/comments?post=532"}],"wp:featuredmedia":[{"embeddable":true,"href":"https:\/\/www.veqexperience.com\/es\/wp-json\/wp\/v2\/media\/519"}],"wp:attachment":[{"href":"https:\/\/www.veqexperience.com\/es\/wp-json\/wp\/v2\/media?parent=532"}],"wp:term":[{"taxonomy":"product_brand","embeddable":true,"href":"https:\/\/www.veqexperience.com\/es\/wp-json\/wp\/v2\/product_brand?post=532"},{"taxonomy":"product_cat","embeddable":true,"href":"https:\/\/www.veqexperience.com\/es\/wp-json\/wp\/v2\/product_cat?post=532"},{"taxonomy":"product_tag","embeddable":true,"href":"https:\/\/www.veqexperience.com\/es\/wp-json\/wp\/v2\/product_tag?post=532"}],"curies":[{"name":"wp","href":"https:\/\/api.w.org\/{rel}","templated":true}]}}