{"id":223,"date":"2024-05-14T20:15:26","date_gmt":"2024-05-14T18:15:26","guid":{"rendered":"https:\/\/phenomenal-pellerin-l6a.zipwp.link\/?post_type=product&#038;p=223"},"modified":"2024-09-02T17:56:24","modified_gmt":"2024-09-02T15:56:24","slug":"tubino-rose","status":"publish","type":"product","link":"https:\/\/www.veqexperience.com\/es\/product\/tubino-rose\/","title":{"rendered":"Vestido tubo rosa"},"content":{"rendered":"","protected":false},"excerpt":{"rendered":"<div class=\"c-cmpvrW\">\n<div class=\"c-jJCxdy\">\n<div class=\"c-hexxgk c-hexxgk-hakyQ-isActive-true\">\n<p>Descubra nuestra moderna chaqueta \"Rosa\", una prenda exclusiva confeccionada con tejidos sostenibles y reutilizables que no derrochan nuevos recursos. Esta chaqueta \u00fanica se distingue por sus cortes modernos y sus apliques de rosas hechos a mano, dise\u00f1ados para realzar el f\u00edsico femenino. El dise\u00f1o realza la esbelta cintura, resaltando las caderas y los hombros de forma ra\ufb03nate.<\/p>\n<p>Fabricada a mano en Italia, esta chaqueta representa la combinaci\u00f3n perfecta de moda y sostenibilidad, con un proceso de producci\u00f3n de bajo impacto ambiental. Ponte una prenda que no solo te har\u00e1 sentir elegante y a la moda, sino tambi\u00e9n orgulloso de contribuir a un futuro m\u00e1s sostenible.<\/p>\n<\/div>\n<\/div>\n<\/div>","protected":false},"featured_media":520,"comment_status":"open","ping_status":"closed","template":"","meta":{"_kadence_starter_templates_imported_post":false,"_kad_post_transparent":"default","_kad_post_title":"","_kad_post_layout":"default","_kad_post_sidebar_id":"","_kad_post_content_style":"default","_kad_post_vertical_padding":"default","_kad_post_feature":"","_kad_post_feature_position":"","_kad_post_header":false,"_kad_post_footer":false,"_kad_post_classname":""},"product_brand":[],"product_cat":[34],"product_tag":[],"class_list":{"0":"post-223","1":"product","2":"type-product","3":"status-publish","4":"has-post-thumbnail","6":"product_cat-tubino","8":"first","9":"instock","10":"shipping-taxable","11":"purchasable","12":"product-type-variable","13":"has-default-attributes","14":"entry","15":"content-bg","16":"loop-entry"},"vendbase_acf":null,"vendbase_metabox":null,"_links":{"self":[{"href":"https:\/\/www.veqexperience.com\/es\/wp-json\/wp\/v2\/product\/223","targetHints":{"allow":["GET"]}}],"collection":[{"href":"https:\/\/www.veqexperience.com\/es\/wp-json\/wp\/v2\/product"}],"about":[{"href":"https:\/\/www.veqexperience.com\/es\/wp-json\/wp\/v2\/types\/product"}],"replies":[{"embeddable":true,"href":"https:\/\/www.veqexperience.com\/es\/wp-json\/wp\/v2\/comments?post=223"}],"wp:featuredmedia":[{"embeddable":true,"href":"https:\/\/www.veqexperience.com\/es\/wp-json\/wp\/v2\/media\/520"}],"wp:attachment":[{"href":"https:\/\/www.veqexperience.com\/es\/wp-json\/wp\/v2\/media?parent=223"}],"wp:term":[{"taxonomy":"product_brand","embeddable":true,"href":"https:\/\/www.veqexperience.com\/es\/wp-json\/wp\/v2\/product_brand?post=223"},{"taxonomy":"product_cat","embeddable":true,"href":"https:\/\/www.veqexperience.com\/es\/wp-json\/wp\/v2\/product_cat?post=223"},{"taxonomy":"product_tag","embeddable":true,"href":"https:\/\/www.veqexperience.com\/es\/wp-json\/wp\/v2\/product_tag?post=223"}],"curies":[{"name":"wp","href":"https:\/\/api.w.org\/{rel}","templated":true}]}}