{"id":774,"date":"2024-06-10T13:49:50","date_gmt":"2024-06-10T11:49:50","guid":{"rendered":"https:\/\/www.veqexperience.com\/?page_id=774"},"modified":"2024-07-01T09:35:52","modified_gmt":"2024-07-01T07:35:52","slug":"about","status":"publish","type":"page","link":"https:\/\/www.veqexperience.com\/es\/about\/","title":{"rendered":"Acerca de"},"content":{"rendered":"<div data-elementor-type=\"wp-page\" data-elementor-id=\"774\" class=\"elementor elementor-774\" data-elementor-post-type=\"page\">\n\t\t\t\t<div class=\"elementor-element elementor-element-ec56444 e-flex e-con-boxed e-con e-parent\" data-id=\"ec56444\" data-element_type=\"container\" data-e-type=\"container\" data-settings=\"{&quot;jet_parallax_layout_list&quot;:[],&quot;background_background&quot;:&quot;classic&quot;}\">\n\t\t\t\t\t<div class=\"e-con-inner\">\n\t\t\t\t\t<\/div>\n\t\t\t\t<\/div>\n\t\t<div class=\"elementor-element elementor-element-5307bcc e-flex e-con-boxed e-con e-parent\" data-id=\"5307bcc\" data-element_type=\"container\" data-e-type=\"container\" data-settings=\"{&quot;jet_parallax_layout_list&quot;:[]}\">\n\t\t\t\t\t<div class=\"e-con-inner\">\n\t\t<div class=\"elementor-element elementor-element-df4d0ab e-flex e-con-boxed e-con e-child\" data-id=\"df4d0ab\" data-element_type=\"container\" data-e-type=\"container\" data-settings=\"{&quot;jet_parallax_layout_list&quot;:[]}\">\n\t\t\t\t\t<div class=\"e-con-inner\">\n\t\t\t\t<div class=\"elementor-element elementor-element-8c90ee9 elementor-widget elementor-widget-heading\" data-id=\"8c90ee9\" data-element_type=\"widget\" data-e-type=\"widget\" data-widget_type=\"heading.default\">\n\t\t\t\t<div class=\"elementor-widget-container\">\n\t\t\t\t\t<h2 class=\"elementor-heading-title elementor-size-default\">Acerca de<\/h2>\t\t\t\t<\/div>\n\t\t\t\t<\/div>\n\t\t\t\t<div class=\"elementor-element elementor-element-2f4c5ba elementor-widget elementor-widget-text-editor\" data-id=\"2f4c5ba\" data-element_type=\"widget\" data-e-type=\"widget\" data-widget_type=\"text-editor.default\">\n\t\t\t\t<div class=\"elementor-widget-container\">\n\t\t\t\t\t\t\t\t\t<p>Desde la tierna edad de 8 a\u00f1os, Veronica Quadraroli incub\u00f3 un sue\u00f1o visionario que dar\u00eda forma a su futuro y culminar\u00eda en el nacimiento de la renombrada marca Ve.Q. Sus sue\u00f1os infantiles estaban llenos de im\u00e1genes de pasarelas acu\u00e1ticas adornadas con preciosos vestidos y colecciones, que sentaron las bases de un extraordinario viaje por el mundo de la moda.<\/p><p>El ascenso de Veronica comenz\u00f3 con sus primeras etapas de formaci\u00f3n en ateliers de alta costura y novias, donde desarroll\u00f3 un profundo aprecio por la meticulosa artesan\u00eda y confecci\u00f3n inherentes a la ropa fina. Tras graduarse en la Academia Altieri de Roma, se sumergi\u00f3 en la creaci\u00f3n y direcci\u00f3n de una c\u00e1psula de ropa para una marca emergente, una experiencia fundamental que aliment\u00f3 su pasi\u00f3n por la industria.<\/p><p>Un punto de inflexi\u00f3n en la carrera de Veronica se produjo cuando cambi\u00f3 su enfoque hacia los aspectos de gesti\u00f3n y venta al por menor del mundo de la moda. Este movimiento estrat\u00e9gico le permiti\u00f3 adquirir valiosos conocimientos y allan\u00f3 el camino para la realizaci\u00f3n de su ambicioso proyecto, la marca Ve.Q.<\/p><p>El estilo inconfundible de Ver\u00f3nica es testimonio de su deseo de iluminar las facetas introspectivas del alma humana, haciendo de cada creaci\u00f3n un faro de belleza y encanto. Criada en un entorno rural, Veronica mantiene una profunda conexi\u00f3n con sus ra\u00edces, alimentando un amor por la tierra, el medio ambiente y los animales. Este v\u00ednculo alimenta su compromiso de hacer que la moda sea sostenible y respetuosa con el medio ambiente, apoyando tejidos de calidad y pr\u00e1cticas \u00e9ticas en todo el proceso de producci\u00f3n.<\/p><p>Adem\u00e1s de su dedicaci\u00f3n a la moda, Ver\u00f3nica saca fuerzas de sus experiencias personales. Tras enfrentarse a la adversidad y a los abusos, es una firme defensora del feminismo y de la emancipaci\u00f3n de la mujer, y lucha por liberarse.<\/p><p>de las normas sociales. A trav\u00e9s de Ve.Q, se erige en s\u00edmbolo de libertad y emancipaci\u00f3n.<\/p><p>La resistencia de Ver\u00f3nica para superar los retos le ha inculcado la pasi\u00f3n por la educaci\u00f3n. Consciente de las dificultades para obtener reconocimiento, apoya activamente la educaci\u00f3n de ni\u00f1os y ni\u00f1as, impartiendo conocimientos y sabidur\u00eda a la pr\u00f3xima generaci\u00f3n de aspirantes a dise\u00f1adores.<\/p><p>En Veronica Quadraroli, el mundo de la moda ha encontrado una l\u00edder visionaria que no s\u00f3lo da forma a la industria con su creatividad, sino que tambi\u00e9n se erige en faro de la sostenibilidad, el empoderamiento y la persecuci\u00f3n continua de los sue\u00f1os. Su trayectoria desde una infancia llena de aspiraciones hasta liderar Ve.Q es un testimonio del poder de la determinaci\u00f3n y la capacidad de convertir los sue\u00f1os en realidad.<\/p>\t\t\t\t\t\t\t\t<\/div>\n\t\t\t\t<\/div>\n\t\t\t\t\t<\/div>\n\t\t\t\t<\/div>\n\t\t<div class=\"elementor-element elementor-element-22d19d4 e-flex e-con-boxed e-con e-child\" data-id=\"22d19d4\" data-element_type=\"container\" data-e-type=\"container\" data-settings=\"{&quot;jet_parallax_layout_list&quot;:[]}\">\n\t\t\t\t\t<div class=\"e-con-inner\">\n\t\t\t\t<div class=\"elementor-element elementor-element-5c83d81 elementor-widget elementor-widget-image\" data-id=\"5c83d81\" data-element_type=\"widget\" data-e-type=\"widget\" data-widget_type=\"image.default\">\n\t\t\t\t<div class=\"elementor-widget-container\">\n\t\t\t\t\t\t\t\t\t\t\t\t\t\t\t<img fetchpriority=\"high\" decoding=\"async\" width=\"830\" height=\"1024\" src=\"https:\/\/www.veqexperience.com\/wp-content\/uploads\/2024\/07\/WhatsApp-Image-2024-07-01-at-09.28.16-830x1024.jpeg\" class=\"attachment-large size-large wp-image-845\" alt=\"\" srcset=\"https:\/\/www.veqexperience.com\/wp-content\/uploads\/2024\/07\/WhatsApp-Image-2024-07-01-at-09.28.16-830x1024.jpeg 830w, https:\/\/www.veqexperience.com\/wp-content\/uploads\/2024\/07\/WhatsApp-Image-2024-07-01-at-09.28.16-243x300.jpeg 243w, https:\/\/www.veqexperience.com\/wp-content\/uploads\/2024\/07\/WhatsApp-Image-2024-07-01-at-09.28.16-768x947.jpeg 768w, https:\/\/www.veqexperience.com\/wp-content\/uploads\/2024\/07\/WhatsApp-Image-2024-07-01-at-09.28.16-10x12.jpeg 10w, https:\/\/www.veqexperience.com\/wp-content\/uploads\/2024\/07\/WhatsApp-Image-2024-07-01-at-09.28.16.jpeg 973w\" sizes=\"(max-width: 830px) 100vw, 830px\" \/>\t\t\t\t\t\t\t\t\t\t\t\t\t\t\t<\/div>\n\t\t\t\t<\/div>\n\t\t\t\t<div class=\"elementor-element elementor-element-6b3985d elementor-widget elementor-widget-image\" data-id=\"6b3985d\" data-element_type=\"widget\" data-e-type=\"widget\" data-widget_type=\"image.default\">\n\t\t\t\t<div class=\"elementor-widget-container\">\n\t\t\t\t\t\t\t\t\t\t\t\t\t\t\t<img decoding=\"async\" width=\"829\" height=\"1024\" src=\"https:\/\/www.veqexperience.com\/wp-content\/uploads\/2024\/07\/WhatsApp-Image-2024-07-01-at-09.28.06-829x1024.jpeg\" class=\"attachment-large size-large wp-image-846\" alt=\"\" srcset=\"https:\/\/www.veqexperience.com\/wp-content\/uploads\/2024\/07\/WhatsApp-Image-2024-07-01-at-09.28.06-829x1024.jpeg 829w, https:\/\/www.veqexperience.com\/wp-content\/uploads\/2024\/07\/WhatsApp-Image-2024-07-01-at-09.28.06-243x300.jpeg 243w, https:\/\/www.veqexperience.com\/wp-content\/uploads\/2024\/07\/WhatsApp-Image-2024-07-01-at-09.28.06-768x948.jpeg 768w, https:\/\/www.veqexperience.com\/wp-content\/uploads\/2024\/07\/WhatsApp-Image-2024-07-01-at-09.28.06-10x12.jpeg 10w, https:\/\/www.veqexperience.com\/wp-content\/uploads\/2024\/07\/WhatsApp-Image-2024-07-01-at-09.28.06.jpeg 1179w\" sizes=\"(max-width: 829px) 100vw, 829px\" \/>\t\t\t\t\t\t\t\t\t\t\t\t\t\t\t<\/div>\n\t\t\t\t<\/div>\n\t\t\t\t\t<\/div>\n\t\t\t\t<\/div>\n\t\t\t\t\t<\/div>\n\t\t\t\t<\/div>\n\t\t\t\t<\/div>","protected":false},"excerpt":{"rendered":"<p>Acerca de Desde la tierna edad de 8 a\u00f1os, Veronica Quadraroli incub\u00f3 un sue\u00f1o visionario que dar\u00eda forma a su futuro y culminar\u00eda en el nacimiento de la renombrada marca Ve.Q. Sus sue\u00f1os infantiles estaban llenos de im\u00e1genes de pasarelas acu\u00e1ticas adornadas con preciosos vestidos y colecciones, que sentaron las bases de un viaje extraordinario.<\/p>","protected":false},"author":2,"featured_media":0,"parent":0,"menu_order":0,"comment_status":"closed","ping_status":"closed","template":"elementor_header_footer","meta":{"_kadence_starter_templates_imported_post":false,"_kad_post_transparent":"","_kad_post_title":"hide","_kad_post_layout":"fullwidth","_kad_post_sidebar_id":"","_kad_post_content_style":"unboxed","_kad_post_vertical_padding":"hide","_kad_post_feature":"hide","_kad_post_feature_position":"","_kad_post_header":false,"_kad_post_footer":false,"_kad_post_classname":"","footnotes":""},"class_list":["post-774","page","type-page","status-publish","hentry"],"_links":{"self":[{"href":"https:\/\/www.veqexperience.com\/es\/wp-json\/wp\/v2\/pages\/774","targetHints":{"allow":["GET"]}}],"collection":[{"href":"https:\/\/www.veqexperience.com\/es\/wp-json\/wp\/v2\/pages"}],"about":[{"href":"https:\/\/www.veqexperience.com\/es\/wp-json\/wp\/v2\/types\/page"}],"author":[{"embeddable":true,"href":"https:\/\/www.veqexperience.com\/es\/wp-json\/wp\/v2\/users\/2"}],"replies":[{"embeddable":true,"href":"https:\/\/www.veqexperience.com\/es\/wp-json\/wp\/v2\/comments?post=774"}],"version-history":[{"count":28,"href":"https:\/\/www.veqexperience.com\/es\/wp-json\/wp\/v2\/pages\/774\/revisions"}],"predecessor-version":[{"id":861,"href":"https:\/\/www.veqexperience.com\/es\/wp-json\/wp\/v2\/pages\/774\/revisions\/861"}],"wp:attachment":[{"href":"https:\/\/www.veqexperience.com\/es\/wp-json\/wp\/v2\/media?parent=774"}],"curies":[{"name":"wp","href":"https:\/\/api.w.org\/{rel}","templated":true}]}}