{"id":774,"date":"2024-06-10T13:49:50","date_gmt":"2024-06-10T11:49:50","guid":{"rendered":"https:\/\/www.veqexperience.com\/?page_id=774"},"modified":"2024-07-01T09:35:52","modified_gmt":"2024-07-01T07:35:52","slug":"about","status":"publish","type":"page","link":"https:\/\/www.veqexperience.com\/en\/about\/","title":{"rendered":"About"},"content":{"rendered":"<div data-elementor-type=\"wp-page\" data-elementor-id=\"774\" class=\"elementor elementor-774\" data-elementor-post-type=\"page\">\n\t\t\t\t<div class=\"elementor-element elementor-element-ec56444 e-flex e-con-boxed e-con e-parent\" data-id=\"ec56444\" data-element_type=\"container\" data-e-type=\"container\" data-settings=\"{&quot;jet_parallax_layout_list&quot;:[],&quot;background_background&quot;:&quot;classic&quot;}\">\n\t\t\t\t\t<div class=\"e-con-inner\">\n\t\t\t\t\t<\/div>\n\t\t\t\t<\/div>\n\t\t<div class=\"elementor-element elementor-element-5307bcc e-flex e-con-boxed e-con e-parent\" data-id=\"5307bcc\" data-element_type=\"container\" data-e-type=\"container\" data-settings=\"{&quot;jet_parallax_layout_list&quot;:[]}\">\n\t\t\t\t\t<div class=\"e-con-inner\">\n\t\t<div class=\"elementor-element elementor-element-df4d0ab e-flex e-con-boxed e-con e-child\" data-id=\"df4d0ab\" data-element_type=\"container\" data-e-type=\"container\" data-settings=\"{&quot;jet_parallax_layout_list&quot;:[]}\">\n\t\t\t\t\t<div class=\"e-con-inner\">\n\t\t\t\t<div class=\"elementor-element elementor-element-8c90ee9 elementor-widget elementor-widget-heading\" data-id=\"8c90ee9\" data-element_type=\"widget\" data-e-type=\"widget\" data-widget_type=\"heading.default\">\n\t\t\t\t<div class=\"elementor-widget-container\">\n\t\t\t\t\t<h2 class=\"elementor-heading-title elementor-size-default\">About<\/h2>\t\t\t\t<\/div>\n\t\t\t\t<\/div>\n\t\t\t\t<div class=\"elementor-element elementor-element-2f4c5ba elementor-widget elementor-widget-text-editor\" data-id=\"2f4c5ba\" data-element_type=\"widget\" data-e-type=\"widget\" data-widget_type=\"text-editor.default\">\n\t\t\t\t<div class=\"elementor-widget-container\">\n\t\t\t\t\t\t\t\t\t<p>Sin dalla tenera et\u00e0 di 8 anni, Veronica Quadraroli covava un sogno visionario che avrebbe plasmato il suo futuro e sarebbe culminato nella nascita del rinomato marchio Ve.Q. Le sue fantasticherie infantili erano piene di immagini di passerelle d\u2019acqua, adornate di abiti e collezioni preziose, che hanno posto le basi per un viaggio straordinario nel mondo della moda.<\/p><p>L&#8217;ascesa di Veronica \u00e8 iniziata con i primi stage formativi negli atelier di alta moda e negli atelier di abiti da sposa, dove ha sviluppato un profondo apprezzamento per la meticolosit\u00e0 artigianale e la sartorialit\u00e0 intrinseca agli abiti di pregio. Dopo essersi diplomata all&#8217;Accademia Altieri di Roma, si \u00e8 immersa nella creazione e nella direzione di una capsule di abbigliamento per un marchio emergente, un&#8217;esperienza fondamentale che ha alimentato la sua passione per il settore.<\/p><p>Una svolta nella carriera di Veronica si \u00e8 avuta quando ha spostato la sua attenzione sugli aspetti gestionali e di vendita al dettaglio del mondo della moda. Questa mossa strategica le ha permesso di acquisire preziose conoscenze e ha spianato la strada alla realizzazione del suo ambizioso progetto, il marchio Ve.Q.<\/p><p>Lo stile distinto di Veronica testimonia il suo desiderio di illuminare le sfaccettature introspettive dell&#8217;animo umano, rendendo ogni creazione un faro di bellezza e fascino. Cresciuta in un ambiente rurale, Veronica mantiene un profondo legame con le sue radici, alimentando l&#8217;amore per la terra, l&#8217;ambiente e gli animali. Questo legame alimenta il suo impegno a rendere la moda sostenibile e rispettosa dell&#8217;ambiente, sostenendo tessuti di qualit\u00e0 e pratiche etiche. in tutto il processo di produzione.<\/p><p>Oltre alla sua dedizione alla moda, Veronica trae forza dalle sue esperienze personali. Avendo affrontato avversit\u00e0 e abusi, \u00e8 una convinta sostenitrice del femminismo e dell&#8217;emancipazione femminile, che si sforza di liberarsi<\/p><p>dalle norme sociali. Attraverso Ve.Q, si propone come simbolo di libert\u00e0 ed emancipazione.<\/p><p>La resilienza di Veronica nel superare le sfide ha instillato in lei la passione per l&#8217;istruzione. Riconoscendo le difficolt\u00e0 incontrate per ottenere il riconoscimento, sostiene attivamente l&#8217;istruzione di giovani ragazzi e ragazze, impartendo conoscenza e saggezza alla prossima generazione di aspiranti designer.<\/p><p>In Veronica Quadraroli, il mondo della moda ha trovato una leader visionaria che non solo plasma il settore con la sua creativit\u00e0, ma si pone anche come faro per la sostenibilit\u00e0, l&#8217;empowerment e il continuo inseguimento dei sogni. Il suo viaggio da un&#8217;infanzia piena di aspirazioni alla guida di Ve.Q \u00e8 una testimonianza del potere della determinazione e della capacit\u00e0 di trasformare i sogni in realt\u00e0.<\/p>\t\t\t\t\t\t\t\t<\/div>\n\t\t\t\t<\/div>\n\t\t\t\t\t<\/div>\n\t\t\t\t<\/div>\n\t\t<div class=\"elementor-element elementor-element-22d19d4 e-flex e-con-boxed e-con e-child\" data-id=\"22d19d4\" data-element_type=\"container\" data-e-type=\"container\" data-settings=\"{&quot;jet_parallax_layout_list&quot;:[]}\">\n\t\t\t\t\t<div class=\"e-con-inner\">\n\t\t\t\t<div class=\"elementor-element elementor-element-5c83d81 elementor-widget elementor-widget-image\" data-id=\"5c83d81\" data-element_type=\"widget\" data-e-type=\"widget\" data-widget_type=\"image.default\">\n\t\t\t\t<div class=\"elementor-widget-container\">\n\t\t\t\t\t\t\t\t\t\t\t\t\t\t\t<img fetchpriority=\"high\" decoding=\"async\" width=\"830\" height=\"1024\" src=\"https:\/\/www.veqexperience.com\/wp-content\/uploads\/2024\/07\/WhatsApp-Image-2024-07-01-at-09.28.16-830x1024.jpeg\" class=\"attachment-large size-large wp-image-845\" alt=\"\" srcset=\"https:\/\/www.veqexperience.com\/wp-content\/uploads\/2024\/07\/WhatsApp-Image-2024-07-01-at-09.28.16-830x1024.jpeg 830w, https:\/\/www.veqexperience.com\/wp-content\/uploads\/2024\/07\/WhatsApp-Image-2024-07-01-at-09.28.16-243x300.jpeg 243w, https:\/\/www.veqexperience.com\/wp-content\/uploads\/2024\/07\/WhatsApp-Image-2024-07-01-at-09.28.16-768x947.jpeg 768w, https:\/\/www.veqexperience.com\/wp-content\/uploads\/2024\/07\/WhatsApp-Image-2024-07-01-at-09.28.16-10x12.jpeg 10w, https:\/\/www.veqexperience.com\/wp-content\/uploads\/2024\/07\/WhatsApp-Image-2024-07-01-at-09.28.16.jpeg 973w\" sizes=\"(max-width: 830px) 100vw, 830px\" \/>\t\t\t\t\t\t\t\t\t\t\t\t\t\t\t<\/div>\n\t\t\t\t<\/div>\n\t\t\t\t<div class=\"elementor-element elementor-element-6b3985d elementor-widget elementor-widget-image\" data-id=\"6b3985d\" data-element_type=\"widget\" data-e-type=\"widget\" data-widget_type=\"image.default\">\n\t\t\t\t<div class=\"elementor-widget-container\">\n\t\t\t\t\t\t\t\t\t\t\t\t\t\t\t<img decoding=\"async\" width=\"829\" height=\"1024\" src=\"https:\/\/www.veqexperience.com\/wp-content\/uploads\/2024\/07\/WhatsApp-Image-2024-07-01-at-09.28.06-829x1024.jpeg\" class=\"attachment-large size-large wp-image-846\" alt=\"\" srcset=\"https:\/\/www.veqexperience.com\/wp-content\/uploads\/2024\/07\/WhatsApp-Image-2024-07-01-at-09.28.06-829x1024.jpeg 829w, https:\/\/www.veqexperience.com\/wp-content\/uploads\/2024\/07\/WhatsApp-Image-2024-07-01-at-09.28.06-243x300.jpeg 243w, https:\/\/www.veqexperience.com\/wp-content\/uploads\/2024\/07\/WhatsApp-Image-2024-07-01-at-09.28.06-768x948.jpeg 768w, https:\/\/www.veqexperience.com\/wp-content\/uploads\/2024\/07\/WhatsApp-Image-2024-07-01-at-09.28.06-10x12.jpeg 10w, https:\/\/www.veqexperience.com\/wp-content\/uploads\/2024\/07\/WhatsApp-Image-2024-07-01-at-09.28.06.jpeg 1179w\" sizes=\"(max-width: 829px) 100vw, 829px\" \/>\t\t\t\t\t\t\t\t\t\t\t\t\t\t\t<\/div>\n\t\t\t\t<\/div>\n\t\t\t\t\t<\/div>\n\t\t\t\t<\/div>\n\t\t\t\t\t<\/div>\n\t\t\t\t<\/div>\n\t\t\t\t<\/div>","protected":false},"excerpt":{"rendered":"<p>About Sin dalla tenera et\u00e0 di 8 anni, Veronica Quadraroli covava un sogno visionario che avrebbe plasmato il suo futuro e sarebbe culminato nella nascita del rinomato marchio Ve.Q. Le sue fantasticherie infantili erano piene di immagini di passerelle d\u2019acqua, adornate di abiti e collezioni preziose, che hanno posto le basi per un viaggio straordinario&#8230;<\/p>","protected":false},"author":2,"featured_media":0,"parent":0,"menu_order":0,"comment_status":"closed","ping_status":"closed","template":"elementor_header_footer","meta":{"_kadence_starter_templates_imported_post":false,"_kad_post_transparent":"","_kad_post_title":"hide","_kad_post_layout":"fullwidth","_kad_post_sidebar_id":"","_kad_post_content_style":"unboxed","_kad_post_vertical_padding":"hide","_kad_post_feature":"hide","_kad_post_feature_position":"","_kad_post_header":false,"_kad_post_footer":false,"_kad_post_classname":"","footnotes":""},"class_list":["post-774","page","type-page","status-publish","hentry"],"_links":{"self":[{"href":"https:\/\/www.veqexperience.com\/en\/wp-json\/wp\/v2\/pages\/774","targetHints":{"allow":["GET"]}}],"collection":[{"href":"https:\/\/www.veqexperience.com\/en\/wp-json\/wp\/v2\/pages"}],"about":[{"href":"https:\/\/www.veqexperience.com\/en\/wp-json\/wp\/v2\/types\/page"}],"author":[{"embeddable":true,"href":"https:\/\/www.veqexperience.com\/en\/wp-json\/wp\/v2\/users\/2"}],"replies":[{"embeddable":true,"href":"https:\/\/www.veqexperience.com\/en\/wp-json\/wp\/v2\/comments?post=774"}],"version-history":[{"count":28,"href":"https:\/\/www.veqexperience.com\/en\/wp-json\/wp\/v2\/pages\/774\/revisions"}],"predecessor-version":[{"id":861,"href":"https:\/\/www.veqexperience.com\/en\/wp-json\/wp\/v2\/pages\/774\/revisions\/861"}],"wp:attachment":[{"href":"https:\/\/www.veqexperience.com\/en\/wp-json\/wp\/v2\/media?parent=774"}],"curies":[{"name":"wp","href":"https:\/\/api.w.org\/{rel}","templated":true}]}}