{"id":829,"date":"2024-06-25T10:40:47","date_gmt":"2024-06-25T08:40:47","guid":{"rendered":"https:\/\/www.veqexperience.com\/?post_type=product&#038;p=829"},"modified":"2024-09-02T17:55:17","modified_gmt":"2024-09-02T15:55:17","slug":"giacca-rose","status":"publish","type":"product","link":"https:\/\/www.veqexperience.com\/de\/product\/giacca-rose\/","title":{"rendered":"Rose Jacke"},"content":{"rendered":"","protected":false},"excerpt":{"rendered":"<div class=\"c-cmpvrW\">\n<div class=\"c-jJCxdy\">\n<div class=\"c-hexxgk c-hexxgk-hakyQ-isActive-true\">\n<p>Vervollst\u00e4ndigen Sie Ihren Look mit der passenden roten Jacke und dem Minirock in Rose, die Ihre Figur mit einem Hauch von Eleganz betonen. Das unverwechselbare Design der Jacke soll der Silhouette schmeicheln und den Oberk\u00f6rper betonen.<\/p>\n<p>Aus denselben nachhaltigen Stoffen wie die Jacke Rose gefertigt, macht diese Jacke Sie nicht nur unwiderstehlich, sondern tr\u00e4gt auch zu einem verantwortungsvollen und umweltfreundlichen Konsum bei. Ein handgefertigtes Kleidungsst\u00fcck, hergestellt in Italien mit tadelloser Liebe zum Detail und umweltfreundlicher Produktion. Tragen Sie diese Jacke f\u00fcr ein abgestimmtes Outfit, das Stil, Nachhaltigkeit und Raffinesse vereint.<\/p>\n<\/div>\n<\/div>\n<\/div>","protected":false},"featured_media":505,"comment_status":"open","ping_status":"closed","template":"","meta":{"_kadence_starter_templates_imported_post":false,"_kad_post_transparent":"default","_kad_post_title":"","_kad_post_layout":"default","_kad_post_sidebar_id":"","_kad_post_content_style":"default","_kad_post_vertical_padding":"default","_kad_post_feature":"","_kad_post_feature_position":"","_kad_post_header":false,"_kad_post_footer":false,"_kad_post_classname":""},"product_brand":[],"product_cat":[46],"product_tag":[49,48],"class_list":{"0":"post-829","1":"product","2":"type-product","3":"status-publish","4":"has-post-thumbnail","6":"product_cat-gonna","7":"product_tag-minigonna","8":"product_tag-rose","10":"first","11":"instock","12":"shipping-taxable","13":"purchasable","14":"product-type-variable","15":"has-default-attributes","16":"entry","17":"content-bg","18":"loop-entry"},"vendbase_acf":null,"vendbase_metabox":null,"_links":{"self":[{"href":"https:\/\/www.veqexperience.com\/de\/wp-json\/wp\/v2\/product\/829","targetHints":{"allow":["GET"]}}],"collection":[{"href":"https:\/\/www.veqexperience.com\/de\/wp-json\/wp\/v2\/product"}],"about":[{"href":"https:\/\/www.veqexperience.com\/de\/wp-json\/wp\/v2\/types\/product"}],"replies":[{"embeddable":true,"href":"https:\/\/www.veqexperience.com\/de\/wp-json\/wp\/v2\/comments?post=829"}],"wp:featuredmedia":[{"embeddable":true,"href":"https:\/\/www.veqexperience.com\/de\/wp-json\/wp\/v2\/media\/505"}],"wp:attachment":[{"href":"https:\/\/www.veqexperience.com\/de\/wp-json\/wp\/v2\/media?parent=829"}],"wp:term":[{"taxonomy":"product_brand","embeddable":true,"href":"https:\/\/www.veqexperience.com\/de\/wp-json\/wp\/v2\/product_brand?post=829"},{"taxonomy":"product_cat","embeddable":true,"href":"https:\/\/www.veqexperience.com\/de\/wp-json\/wp\/v2\/product_cat?post=829"},{"taxonomy":"product_tag","embeddable":true,"href":"https:\/\/www.veqexperience.com\/de\/wp-json\/wp\/v2\/product_tag?post=829"}],"curies":[{"name":"wp","href":"https:\/\/api.w.org\/{rel}","templated":true}]}}