{"id":567,"date":"2024-06-05T12:08:30","date_gmt":"2024-06-05T10:08:30","guid":{"rendered":"https:\/\/www.veqexperience.com\/?post_type=product&#038;p=567"},"modified":"2024-09-02T17:55:41","modified_gmt":"2024-09-02T15:55:41","slug":"gonna-longhette","status":"publish","type":"product","link":"https:\/\/www.veqexperience.com\/de\/product\/gonna-longhette\/","title":{"rendered":"Langer Rock"},"content":{"rendered":"","protected":false},"excerpt":{"rendered":"<p>Lassen Sie sich vom Luxus unseres Longuette-Rocks aus reiner Seide umh\u00fcllen, ein elegantes und sinnliches Kleidungsst\u00fcck f\u00fcr alle, die nicht unbemerkt bleiben wollen. Dieser halbtransparente Rock aus hochwertiger Seide dr\u00fcckt in jedem Detail Eleganz und Verf\u00fchrung aus. Tragen Sie unseren Longuette-Rock aus reiner Seide f\u00fcr einen besonderen Anlass oder einen unvergesslichen Abend. Dieses Kleidungsst\u00fcck ist perfekt f\u00fcr alle, die sich mit Stil und Klasse von der Masse abheben wollen, denn es verleiht Ihnen ein einzigartiges und unwiderstehliches Gef\u00fchl. Entdecken Sie die zeitlose Eleganz der Seide und machen Sie sich ein St\u00fcck zu eigen, das die Weiblichkeit mit unvergleichlicher Raffinesse unterstreicht. F\u00fcr die Herstellung dieses Rocks wurden keine neuen Ressourcen verwendet, da er zu unserer Auswahl an Rundmaterialien geh\u00f6rt.<\/p>","protected":false},"featured_media":513,"comment_status":"open","ping_status":"closed","template":"","meta":{"_kadence_starter_templates_imported_post":false,"_kad_post_transparent":"default","_kad_post_title":"","_kad_post_layout":"default","_kad_post_sidebar_id":"","_kad_post_content_style":"default","_kad_post_vertical_padding":"default","_kad_post_feature":"","_kad_post_feature_position":"","_kad_post_header":false,"_kad_post_footer":false,"_kad_post_classname":""},"product_brand":[],"product_cat":[46],"product_tag":[40],"class_list":{"0":"post-567","1":"product","2":"type-product","3":"status-publish","4":"has-post-thumbnail","6":"product_cat-gonna","7":"product_tag-seta","9":"first","10":"instock","11":"shipping-taxable","12":"purchasable","13":"product-type-variable","14":"has-default-attributes","15":"entry","16":"content-bg","17":"loop-entry"},"vendbase_acf":null,"vendbase_metabox":null,"_links":{"self":[{"href":"https:\/\/www.veqexperience.com\/de\/wp-json\/wp\/v2\/product\/567","targetHints":{"allow":["GET"]}}],"collection":[{"href":"https:\/\/www.veqexperience.com\/de\/wp-json\/wp\/v2\/product"}],"about":[{"href":"https:\/\/www.veqexperience.com\/de\/wp-json\/wp\/v2\/types\/product"}],"replies":[{"embeddable":true,"href":"https:\/\/www.veqexperience.com\/de\/wp-json\/wp\/v2\/comments?post=567"}],"wp:featuredmedia":[{"embeddable":true,"href":"https:\/\/www.veqexperience.com\/de\/wp-json\/wp\/v2\/media\/513"}],"wp:attachment":[{"href":"https:\/\/www.veqexperience.com\/de\/wp-json\/wp\/v2\/media?parent=567"}],"wp:term":[{"taxonomy":"product_brand","embeddable":true,"href":"https:\/\/www.veqexperience.com\/de\/wp-json\/wp\/v2\/product_brand?post=567"},{"taxonomy":"product_cat","embeddable":true,"href":"https:\/\/www.veqexperience.com\/de\/wp-json\/wp\/v2\/product_cat?post=567"},{"taxonomy":"product_tag","embeddable":true,"href":"https:\/\/www.veqexperience.com\/de\/wp-json\/wp\/v2\/product_tag?post=567"}],"curies":[{"name":"wp","href":"https:\/\/api.w.org\/{rel}","templated":true}]}}