{"id":557,"date":"2024-06-05T12:00:02","date_gmt":"2024-06-05T10:00:02","guid":{"rendered":"https:\/\/www.veqexperience.com\/?post_type=product&#038;p=557"},"modified":"2024-09-02T17:55:56","modified_gmt":"2024-09-02T15:55:56","slug":"camicia-cotone","status":"publish","type":"product","link":"https:\/\/www.veqexperience.com\/de\/product\/camicia-cotone\/","title":{"rendered":"Hemd aus Bio-Baumwolle"},"content":{"rendered":"","protected":false},"excerpt":{"rendered":"<p>Lassen Sie sich von unserem Hemd aus Bio-Baumwolle \u00fcberzeugen, die sorgf\u00e4ltig in Italien angebaut wird. Perfekt f\u00fcr jede sommerliche Gelegenheit: Dieses Hemd begleitet Sie stilvoll bei einem Mittagessen am Strand, einem Aperitif bei Sonnenuntergang und den letzten Tagen vor dem Urlaub. Die weite Passform und die gepolsterten Tr\u00e4ger verleihen diesem Kleidungsst\u00fcck einen k\u00fchnen und raffinierten Look, ideal f\u00fcr alle, die sich gerne durch Eleganz auszeichnen. Dieses Hemd aus hochwertigen, nachhaltigen Materialien ist die perfekte Wahl f\u00fcr eine schicke und verantwortungsvolle Garderobe. Entscheiden Sie sich f\u00fcr Komfort, ohne auf Stil zu verzichten, mit unserem Hemd aus Bio-Baumwolle.<\/p>","protected":false},"featured_media":496,"comment_status":"open","ping_status":"closed","template":"","meta":{"_kadence_starter_templates_imported_post":false,"_kad_post_transparent":"default","_kad_post_title":"","_kad_post_layout":"default","_kad_post_sidebar_id":"","_kad_post_content_style":"default","_kad_post_vertical_padding":"default","_kad_post_feature":"","_kad_post_feature_position":"","_kad_post_header":false,"_kad_post_footer":false,"_kad_post_classname":""},"product_brand":[],"product_cat":[41],"product_tag":[43,37,42,38],"class_list":{"0":"post-557","1":"product","2":"type-product","3":"status-publish","4":"has-post-thumbnail","6":"product_cat-camicia","7":"product_tag-camicia","8":"product_tag-capri","9":"product_tag-cotone","10":"product_tag-paillettes","12":"first","13":"instock","14":"shipping-taxable","15":"purchasable","16":"product-type-variable","17":"has-default-attributes","18":"entry","19":"content-bg","20":"loop-entry"},"vendbase_acf":null,"vendbase_metabox":null,"_links":{"self":[{"href":"https:\/\/www.veqexperience.com\/de\/wp-json\/wp\/v2\/product\/557","targetHints":{"allow":["GET"]}}],"collection":[{"href":"https:\/\/www.veqexperience.com\/de\/wp-json\/wp\/v2\/product"}],"about":[{"href":"https:\/\/www.veqexperience.com\/de\/wp-json\/wp\/v2\/types\/product"}],"replies":[{"embeddable":true,"href":"https:\/\/www.veqexperience.com\/de\/wp-json\/wp\/v2\/comments?post=557"}],"wp:featuredmedia":[{"embeddable":true,"href":"https:\/\/www.veqexperience.com\/de\/wp-json\/wp\/v2\/media\/496"}],"wp:attachment":[{"href":"https:\/\/www.veqexperience.com\/de\/wp-json\/wp\/v2\/media?parent=557"}],"wp:term":[{"taxonomy":"product_brand","embeddable":true,"href":"https:\/\/www.veqexperience.com\/de\/wp-json\/wp\/v2\/product_brand?post=557"},{"taxonomy":"product_cat","embeddable":true,"href":"https:\/\/www.veqexperience.com\/de\/wp-json\/wp\/v2\/product_cat?post=557"},{"taxonomy":"product_tag","embeddable":true,"href":"https:\/\/www.veqexperience.com\/de\/wp-json\/wp\/v2\/product_tag?post=557"}],"curies":[{"name":"wp","href":"https:\/\/api.w.org\/{rel}","templated":true}]}}