{"id":774,"date":"2024-06-10T13:49:50","date_gmt":"2024-06-10T11:49:50","guid":{"rendered":"https:\/\/www.veqexperience.com\/?page_id=774"},"modified":"2024-07-01T09:35:52","modified_gmt":"2024-07-01T07:35:52","slug":"about","status":"publish","type":"page","link":"https:\/\/www.veqexperience.com\/de\/about\/","title":{"rendered":"\u00dcber"},"content":{"rendered":"<div data-elementor-type=\"wp-page\" data-elementor-id=\"774\" class=\"elementor elementor-774\" data-elementor-post-type=\"page\">\n\t\t\t\t<div class=\"elementor-element elementor-element-ec56444 e-flex e-con-boxed e-con e-parent\" data-id=\"ec56444\" data-element_type=\"container\" data-e-type=\"container\" data-settings=\"{&quot;jet_parallax_layout_list&quot;:[],&quot;background_background&quot;:&quot;classic&quot;}\">\n\t\t\t\t\t<div class=\"e-con-inner\">\n\t\t\t\t\t<\/div>\n\t\t\t\t<\/div>\n\t\t<div class=\"elementor-element elementor-element-5307bcc e-flex e-con-boxed e-con e-parent\" data-id=\"5307bcc\" data-element_type=\"container\" data-e-type=\"container\" data-settings=\"{&quot;jet_parallax_layout_list&quot;:[]}\">\n\t\t\t\t\t<div class=\"e-con-inner\">\n\t\t<div class=\"elementor-element elementor-element-df4d0ab e-flex e-con-boxed e-con e-child\" data-id=\"df4d0ab\" data-element_type=\"container\" data-e-type=\"container\" data-settings=\"{&quot;jet_parallax_layout_list&quot;:[]}\">\n\t\t\t\t\t<div class=\"e-con-inner\">\n\t\t\t\t<div class=\"elementor-element elementor-element-8c90ee9 elementor-widget elementor-widget-heading\" data-id=\"8c90ee9\" data-element_type=\"widget\" data-e-type=\"widget\" data-widget_type=\"heading.default\">\n\t\t\t\t<div class=\"elementor-widget-container\">\n\t\t\t\t\t<h2 class=\"elementor-heading-title elementor-size-default\">\u00dcber<\/h2>\t\t\t\t<\/div>\n\t\t\t\t<\/div>\n\t\t\t\t<div class=\"elementor-element elementor-element-2f4c5ba elementor-widget elementor-widget-text-editor\" data-id=\"2f4c5ba\" data-element_type=\"widget\" data-e-type=\"widget\" data-widget_type=\"text-editor.default\">\n\t\t\t\t<div class=\"elementor-widget-container\">\n\t\t\t\t\t\t\t\t\t<p>Schon im zarten Alter von 8 Jahren br\u00fctete Veronica Quadraroli einen vision\u00e4ren Traum aus, der ihre Zukunft pr\u00e4gen und in der Geburt der bekannten Marke Ve.Q gipfeln sollte. Ihre Kindheitstr\u00e4ume waren gef\u00fcllt mit Bildern von w\u00e4ssrigen Laufstegen, die mit kostbaren Kleidern und Kollektionen geschm\u00fcckt waren, die den Grundstein f\u00fcr eine au\u00dfergew\u00f6hnliche Reise in die Welt der Mode legten.<\/p><p>Veronicas Aufstieg begann mit ihren ersten Ausbildungsschritten in Haute Couture- und Brautateliers, wo sie eine tiefe Wertsch\u00e4tzung f\u00fcr die akribische Handwerkskunst und die Schneiderei, die feine Kleidung auszeichnet, entwickelte. Nach ihrem Abschluss an der Altieri-Akademie in Rom war sie an der Kreation und Leitung einer Bekleidungskollektion f\u00fcr eine aufstrebende Marke beteiligt - eine grundlegende Erfahrung, die ihre Leidenschaft f\u00fcr die Branche f\u00f6rderte.<\/p><p>Ein Wendepunkt in Veronicas Karriere kam, als sie ihren Schwerpunkt auf die Management- und Einzelhandelsaspekte der Modewelt verlagerte. Dieser strategische Schritt erm\u00f6glichte es ihr, wertvolle Kenntnisse zu erwerben und ebnete den Weg f\u00fcr die Verwirklichung ihres ehrgeizigen Projekts, der Marke Ve.Q.<\/p><p>Veronicas ausgepr\u00e4gter Stil zeugt von ihrem Wunsch, die introspektiven Facetten der menschlichen Seele zu beleuchten und jede Kreation zu einem Leuchtfeuer der Sch\u00f6nheit und des Charmes zu machen. Da Veronica in einer l\u00e4ndlichen Umgebung aufgewachsen ist, hat sie eine tiefe Verbindung zu ihren Wurzeln und eine Liebe f\u00fcr das Land, die Umwelt und die Tiere entwickelt. Aus dieser Verbundenheit heraus setzt sie sich f\u00fcr nachhaltige und umweltfreundliche Mode ein, indem sie w\u00e4hrend des gesamten Produktionsprozesses hochwertige Stoffe und ethische Praktiken unterst\u00fctzt.<\/p><p>Neben ihrer Hingabe f\u00fcr die Mode sch\u00f6pft Veronica Kraft aus ihren pers\u00f6nlichen Erfahrungen. Nachdem sie mit Widrigkeiten und Missbrauch konfrontiert wurde, ist sie eine \u00fcberzeugte Anh\u00e4ngerin des Feminismus und der Frauenemanzipation und strebt danach, sich zu befreien<\/p><p>von gesellschaftlichen Normen. Durch Ve.Q steht es als Symbol f\u00fcr Freiheit und Emanzipation.<\/p><p>Veronicas Unverw\u00fcstlichkeit bei der Bew\u00e4ltigung von Herausforderungen hat in ihr eine Leidenschaft f\u00fcr Bildung geweckt. Da sie sich der Schwierigkeiten bewusst ist, Anerkennung zu erlangen, unterst\u00fctzt sie aktiv die Ausbildung von Jungen und M\u00e4dchen und vermittelt der n\u00e4chsten Generation aufstrebender Designer Wissen und Weisheit.<\/p><p>Mit Veronica Quadraroli hat die Modewelt eine vision\u00e4re F\u00fchrungspers\u00f6nlichkeit gefunden, die nicht nur die Branche mit ihrer Kreativit\u00e4t pr\u00e4gt, sondern auch als Leuchtturm f\u00fcr Nachhaltigkeit, Empowerment und das kontinuierliche Verfolgen von Tr\u00e4umen steht. Ihr Weg von einer aufstrebenden Kindheit bis zur F\u00fchrung von Ve.Q ist ein Zeugnis f\u00fcr die Kraft der Entschlossenheit und die F\u00e4higkeit, Tr\u00e4ume in die Realit\u00e4t umzusetzen.<\/p>\t\t\t\t\t\t\t\t<\/div>\n\t\t\t\t<\/div>\n\t\t\t\t\t<\/div>\n\t\t\t\t<\/div>\n\t\t<div class=\"elementor-element elementor-element-22d19d4 e-flex e-con-boxed e-con e-child\" data-id=\"22d19d4\" data-element_type=\"container\" data-e-type=\"container\" data-settings=\"{&quot;jet_parallax_layout_list&quot;:[]}\">\n\t\t\t\t\t<div class=\"e-con-inner\">\n\t\t\t\t<div class=\"elementor-element elementor-element-5c83d81 elementor-widget elementor-widget-image\" data-id=\"5c83d81\" data-element_type=\"widget\" data-e-type=\"widget\" data-widget_type=\"image.default\">\n\t\t\t\t<div class=\"elementor-widget-container\">\n\t\t\t\t\t\t\t\t\t\t\t\t\t\t\t<img fetchpriority=\"high\" decoding=\"async\" width=\"830\" height=\"1024\" src=\"https:\/\/www.veqexperience.com\/wp-content\/uploads\/2024\/07\/WhatsApp-Image-2024-07-01-at-09.28.16-830x1024.jpeg\" class=\"attachment-large size-large wp-image-845\" alt=\"\" srcset=\"https:\/\/www.veqexperience.com\/wp-content\/uploads\/2024\/07\/WhatsApp-Image-2024-07-01-at-09.28.16-830x1024.jpeg 830w, https:\/\/www.veqexperience.com\/wp-content\/uploads\/2024\/07\/WhatsApp-Image-2024-07-01-at-09.28.16-243x300.jpeg 243w, https:\/\/www.veqexperience.com\/wp-content\/uploads\/2024\/07\/WhatsApp-Image-2024-07-01-at-09.28.16-768x947.jpeg 768w, https:\/\/www.veqexperience.com\/wp-content\/uploads\/2024\/07\/WhatsApp-Image-2024-07-01-at-09.28.16-10x12.jpeg 10w, https:\/\/www.veqexperience.com\/wp-content\/uploads\/2024\/07\/WhatsApp-Image-2024-07-01-at-09.28.16.jpeg 973w\" sizes=\"(max-width: 830px) 100vw, 830px\" \/>\t\t\t\t\t\t\t\t\t\t\t\t\t\t\t<\/div>\n\t\t\t\t<\/div>\n\t\t\t\t<div class=\"elementor-element elementor-element-6b3985d elementor-widget elementor-widget-image\" data-id=\"6b3985d\" data-element_type=\"widget\" data-e-type=\"widget\" data-widget_type=\"image.default\">\n\t\t\t\t<div class=\"elementor-widget-container\">\n\t\t\t\t\t\t\t\t\t\t\t\t\t\t\t<img decoding=\"async\" width=\"829\" height=\"1024\" src=\"https:\/\/www.veqexperience.com\/wp-content\/uploads\/2024\/07\/WhatsApp-Image-2024-07-01-at-09.28.06-829x1024.jpeg\" class=\"attachment-large size-large wp-image-846\" alt=\"\" srcset=\"https:\/\/www.veqexperience.com\/wp-content\/uploads\/2024\/07\/WhatsApp-Image-2024-07-01-at-09.28.06-829x1024.jpeg 829w, https:\/\/www.veqexperience.com\/wp-content\/uploads\/2024\/07\/WhatsApp-Image-2024-07-01-at-09.28.06-243x300.jpeg 243w, https:\/\/www.veqexperience.com\/wp-content\/uploads\/2024\/07\/WhatsApp-Image-2024-07-01-at-09.28.06-768x948.jpeg 768w, https:\/\/www.veqexperience.com\/wp-content\/uploads\/2024\/07\/WhatsApp-Image-2024-07-01-at-09.28.06-10x12.jpeg 10w, https:\/\/www.veqexperience.com\/wp-content\/uploads\/2024\/07\/WhatsApp-Image-2024-07-01-at-09.28.06.jpeg 1179w\" sizes=\"(max-width: 829px) 100vw, 829px\" \/>\t\t\t\t\t\t\t\t\t\t\t\t\t\t\t<\/div>\n\t\t\t\t<\/div>\n\t\t\t\t\t<\/div>\n\t\t\t\t<\/div>\n\t\t\t\t\t<\/div>\n\t\t\t\t<\/div>\n\t\t\t\t<\/div>","protected":false},"excerpt":{"rendered":"<p>\u00dcber Veronica Quadraroli br\u00fctete bereits im zarten Alter von 8 Jahren einen vision\u00e4ren Traum aus, der ihre Zukunft pr\u00e4gen und in der Geburt der bekannten Marke Ve.Q gipfeln sollte. Ihre Kindheitstr\u00e4ume waren gef\u00fcllt mit Bildern von w\u00e4ssrigen Laufstegen, die mit kostbaren Kleidern und Kollektionen geschm\u00fcckt waren, die den Grundstein f\u00fcr eine au\u00dfergew\u00f6hnliche Reise legten<\/p>","protected":false},"author":2,"featured_media":0,"parent":0,"menu_order":0,"comment_status":"closed","ping_status":"closed","template":"elementor_header_footer","meta":{"_kadence_starter_templates_imported_post":false,"_kad_post_transparent":"","_kad_post_title":"hide","_kad_post_layout":"fullwidth","_kad_post_sidebar_id":"","_kad_post_content_style":"unboxed","_kad_post_vertical_padding":"hide","_kad_post_feature":"hide","_kad_post_feature_position":"","_kad_post_header":false,"_kad_post_footer":false,"_kad_post_classname":"","footnotes":""},"class_list":["post-774","page","type-page","status-publish","hentry"],"_links":{"self":[{"href":"https:\/\/www.veqexperience.com\/de\/wp-json\/wp\/v2\/pages\/774","targetHints":{"allow":["GET"]}}],"collection":[{"href":"https:\/\/www.veqexperience.com\/de\/wp-json\/wp\/v2\/pages"}],"about":[{"href":"https:\/\/www.veqexperience.com\/de\/wp-json\/wp\/v2\/types\/page"}],"author":[{"embeddable":true,"href":"https:\/\/www.veqexperience.com\/de\/wp-json\/wp\/v2\/users\/2"}],"replies":[{"embeddable":true,"href":"https:\/\/www.veqexperience.com\/de\/wp-json\/wp\/v2\/comments?post=774"}],"version-history":[{"count":28,"href":"https:\/\/www.veqexperience.com\/de\/wp-json\/wp\/v2\/pages\/774\/revisions"}],"predecessor-version":[{"id":861,"href":"https:\/\/www.veqexperience.com\/de\/wp-json\/wp\/v2\/pages\/774\/revisions\/861"}],"wp:attachment":[{"href":"https:\/\/www.veqexperience.com\/de\/wp-json\/wp\/v2\/media?parent=774"}],"curies":[{"name":"wp","href":"https:\/\/api.w.org\/{rel}","templated":true}]}}