{"id":16,"date":"2024-08-02T12:07:54","date_gmt":"2024-08-02T10:07:54","guid":{"rendered":"https:\/\/phenomenal-pellerin-l6a.zipwp.link\/?page_id=16"},"modified":"2024-08-02T12:15:14","modified_gmt":"2024-08-02T10:15:14","slug":"termini-e-condizioni","status":"publish","type":"page","link":"https:\/\/www.veqexperience.com\/de\/termini-e-condizioni\/","title":{"rendered":"Bedingungen und Konditionen"},"content":{"rendered":"<div data-elementor-type=\"wp-page\" data-elementor-id=\"16\" class=\"elementor elementor-16\" data-elementor-post-type=\"page\">\n\t\t\t\t<div class=\"elementor-element elementor-element-7f63199 e-con-full e-flex e-con e-parent\" data-id=\"7f63199\" data-element_type=\"container\" data-e-type=\"container\" data-settings=\"{&quot;jet_parallax_layout_list&quot;:[]}\">\n\t\t<div class=\"elementor-element elementor-element-4c68b16 e-con-full e-flex e-con e-child\" data-id=\"4c68b16\" data-element_type=\"container\" data-e-type=\"container\" data-settings=\"{&quot;background_background&quot;:&quot;classic&quot;,&quot;jet_parallax_layout_list&quot;:[]}\">\n\t\t\t\t<\/div>\n\t\t<div class=\"elementor-element elementor-element-103c52b e-flex e-con-boxed e-con e-child\" data-id=\"103c52b\" data-element_type=\"container\" data-e-type=\"container\" data-settings=\"{&quot;jet_parallax_layout_list&quot;:[]}\">\n\t\t\t\t\t<div class=\"e-con-inner\">\n\t\t\t\t<div class=\"elementor-element elementor-element-edb4c40 elementor-widget elementor-widget-text-editor\" data-id=\"edb4c40\" data-element_type=\"widget\" data-e-type=\"widget\" data-widget_type=\"text-editor.default\">\n\t\t\t\t<div class=\"elementor-widget-container\">\n\t\t\t\t\t\t\t\t\t\n<h1>Bedingungen und Konditionen<\/h1>\n<p><strong>VE.Q Experience di Veronica Quadraroli , via Montesanto 10\/A 01037 Ronciglione (VT) l\u00e4dt Sie ein, diese allgemeinen Verkaufsbedingungen zu lesen, die <\/strong><strong>unausweichlich <\/strong><strong>den Kauf von Produkten auf der Website. Durch den Kauf akzeptiert der Benutzer diese allgemeinen Verkaufsbedingungen vollst\u00e4ndig.<\/strong><\/p>\n\n<p><strong>Die von VE.Q Experience verkauften Produkte sind nur f\u00fcr Verbraucher bestimmt. Nicht-Verbraucher werden gebeten, keine Bestellungen aufzugeben.<\/strong><\/p>\n\n<ol class=\"wp-block-list\">\n<li><strong>Abschluss des Vertrages<\/strong>\n<ol>\n<li>Mit Ihrer Bestellung erkl\u00e4ren Sie, dass Sie ausschlie\u00dflich als nicht-professioneller Privatk\u00e4ufer handeln.<\/li>\n<\/ol>\n<ol>\n<li>Durch eine Bestellung wird nur ein Vertrag zwischen dem Verbraucher und VE.Q Experience geschlossen.<\/li>\n<\/ol>\n\n<ol class=\"wp-block-list\">\n<li>VE.Q Experience beh\u00e4lt sich das Recht vor, diese Verkaufsbedingungen jederzeit und ohne vorherige Mitteilung an den Verbraucher zu \u00e4ndern. Die entsprechenden \u00c4nderungen werden ab dem Datum der \u00c4nderung wirksam und gelten f\u00fcr Verk\u00e4ufe, die nach diesem Datum abgeschlossen werden.<\/li>\n<\/ol>\n<\/li>\n<\/ol>\n\n<h1 class=\"wp-block-heading\">2.         Produktmerkmale<\/h1>\n\n<ul class=\"wp-block-list\">\n<li>Die von VE.Q Experience angebotenen Produkte werden vollst\u00e4ndig von Hand aus nachhaltigen Materialien hergestellt.\n<ul>\n<li>Die von VE.Q Experience verkauften Produkte sind im Online-Katalog enthalten und werden zu den auf der Website zum Zeitpunkt des Kaufs angegebenen Verkaufsbedingungen verkauft.<\/li>\n<\/ul>\n<ul>\n<li>Die Verf\u00fcgbarkeit der Gr\u00f6\u00dfen ist in den Optionen unter jedem Artikel angegeben, Sie k\u00f6nnen die gew\u00fcnschte Gr\u00f6\u00dfe anfordern, wenn sie fehlt, indem Sie den Kundendienst kontaktieren <a href=\"mailto:info@veqexperience.com\">info@veqexperience.com<\/a> die sich das Recht vorbeh\u00e4lt, einem solchen Antrag vorbehaltlich der Verf\u00fcgbarkeit des Verk\u00e4ufers stattzugeben.<\/li>\n<\/ul>\n\n<ul class=\"wp-block-list\">\n<li>Die Produktpreise k\u00f6nnen sich \u00e4ndern; solche \u00c4nderungen gelten nur f\u00fcr Bestellungen, die zum Zeitpunkt der \u00c4nderung noch nicht best\u00e4tigt sind. Den Verbrauchern wird empfohlen, den endg\u00fcltigen Verkaufspreis vor dem Kauf zu \u00fcberpr\u00fcfen.<\/li>\n<\/ul>\n<\/li>\n<\/ul>\n\n<h1 class=\"wp-block-heading\">3.         Modalit\u00e4ten des Einkaufs<\/h1>\n\n<ul class=\"wp-block-list\">\n<li>Die Pr\u00e4sentation der Produkte auf der Website ist lediglich eine Aufforderung an den Verbraucher, ein vertragliches Kaufangebot zu unterbreiten, und kein Angebot an die \u00d6ffentlichkeit.\n<ul>\n<li>Die Bestellung hat den Wert eines Vertragsangebots und unterliegt den vorliegenden Verkaufsbedingungen, die integraler Bestandteil der Bestellung sind und die der K\u00e4ufer durch \u00dcbermittlung der Bestellung an den Verk\u00e4ufer vorbehaltlos akzeptiert. Vor Abschluss des Kaufs wird der K\u00e4ufer aufgefordert, die vorliegenden Bedingungen und die eventuellen Stornierungsmodalit\u00e4ten zu lesen.<\/li>\n<\/ul>\n\n<ul class=\"wp-block-list\">\n<li>Der Verbraucher unterzeichnet den Vertrag, indem er seine pers\u00f6nlichen Daten eingibt: Name und pers\u00f6nliche Daten des K\u00e4ufers sowie seine Steuernummer,<\/li>\n<\/ul>\n<\/li>\n<\/ul>\n\n<p>die E-Mail-Adresse, die Telefonnummer, die Lieferadresse und \u00fcbernimmt die Verantwortung f\u00fcr falsche oder abweichende Angaben, die bei der Best\u00e4tigung der Bestellung eingegeben werden und erkl\u00e4rt gleichzeitig, dass der Kauf wahr und richtig ist.<\/p>\n\n<ul class=\"wp-block-list\">\n<li>Der Kauf gilt als abgeschlossen, sobald die Zahlung eingegangen ist, was dem Kunden durch eine Best\u00e4tigungs-E-Mail an die vom Verbraucher angegebene Adresse best\u00e4tigt wird.\n<ul>\n<li>Bis zur Best\u00e4tigung der Gutschrift der Zahlung bleibt die Ware, die Gegenstand der Bestellung ist, Eigentum von VE.Q Experience.<\/li>\n<\/ul>\n\n<ul class=\"wp-block-list\">\n<li>Die Ausf\u00fchrung aller Bestellungen auf der Website ist abh\u00e4ngig von der Verf\u00fcgbarkeit. VE.Q Experience beh\u00e4lt sich ausdr\u00fccklich das Recht vor, eine Bestellung aus irgendeinem Grund nicht anzunehmen. VE.Q Experience beh\u00e4lt sich auch das Recht vor, einen Vertrag durch schriftliche Mitteilung in den unten genannten F\u00e4llen zu k\u00fcndigen, ohne dass Sie zur Zahlung von Schadenersatz oder Kosten verpflichtet sind, mit Ausnahme der R\u00fcckerstattung des von Ihnen in Bezug auf den gek\u00fcndigten Vertrag gezahlten Betrags:\n<ul>\n<li>das Produkt ist nicht verf\u00fcgbar \/ auf Lager;<\/li>\n<\/ul>\n<ul>\n<li>die Rechnungsangaben nicht korrekt oder \u00fcberpr\u00fcfbar sind;<\/li>\n<\/ul>\n<ul>\n<li>der Auftrag als ungew\u00f6hnlicher Auftrag oder als betrugsgef\u00e4hrdeter Auftrag gekennzeichnet ist;<\/li>\n<\/ul>\n<ul>\n<li>der Nutzer ist unter 16 Jahre alt oder hat die nach geltendem Recht erforderliche Vollj\u00e4hrigkeit erreicht, um einen Vertrag zu schlie\u00dfen;<\/li>\n<\/ul>\n<ul>\n<li>die Bestellung wird von einem professionellen Verk\u00e4ufer aufgegeben;<\/li>\n<\/ul>\n<ul>\n<li>der auf der Website angegebene Preis war fehlerhaft, d.h.<\/li>\n<\/ul>\n\n<ul class=\"wp-block-list\">\n<li>eine Zustellung an die angegebene Adresse nicht m\u00f6glich ist.<\/li>\n<\/ul>\n<\/li>\n<\/ul>\n<\/li>\n<\/ul>\n\n<h1 class=\"wp-block-heading\"><a href=\"#spedizione\">4.\u00a0\u00a0<\/a>\u00a0\u00a0\u00a0\u00a0\u00a0\u00a0 Versandarten und -zeiten<\/h1>\n\n<ul class=\"wp-block-list\">\n<li>Der Verk\u00e4ufer verpflichtet sich, die Ware innerhalb von 3 bis 5 Werktagen nach Eingang der Bestellung zu versenden. Der K\u00e4ufer erh\u00e4lt eine E-Mail \u00fcber den erfolgreichen Versand. Die Fristen f\u00fcr die Bearbeitung der Bestellung sind rein indikativ, jedoch verpflichtet sich der Verk\u00e4ufer, die Ware innerhalb von h\u00f6chstens 10 Tagen ab dem Tag nach dem Kaufabschluss zu versenden.\n<ul>\n<li>Im Falle h\u00f6herer Gewalt oder von Ereignissen, die sich der Kontrolle von VE.Q Experience entziehen, gilt eine Politik der Auftragsaussetzung. Diese Aussetzung wird vom Nutzer im Voraus akzeptiert. H\u00f6here Gewalt ist definiert als das Auftreten von Handlungen oder Ereignissen au\u00dferhalb der<\/li>\n<\/ul>\n\n<ul class=\"wp-block-list\">\n<li>VE.Q Experience zumutbare Kontrolle, einschlie\u00dflich, aber nicht beschr\u00e4nkt auf Streiks, Aussperrungen oder andere Arbeitskampfma\u00dfnahmen durch Dritte, innere Unruhen, Aufst\u00e4nde, Invasionen, Terroranschl\u00e4ge oder die Androhung von Terroranschl\u00e4gen, Krieg (erkl\u00e4rt oder nicht erkl\u00e4rt) oder die Androhung oder Vorbereitung eines Krieges, Br\u00e4nde, Explosionen, St\u00fcrme, \u00dcberschwemmungen, Erdbeben, Bodensenkungen, Epidemien, Pandemien oder andere Naturkatastrophen oder Ausfall von \u00f6ffentlichen oder privaten Telekommunikationsnetzen. Wenn ein Fall von h\u00f6herer Gewalt eintritt, dass die Erf\u00fcllung der Verpflichtungen aus einem Kauf auf der Website von VE.Q Experience, im Rahmen dieser Verkaufsbedingungen gemacht betrifft, wird der Benutzer so schnell wie m\u00f6glich kontaktiert werden, um den Vorfall und die Bestimmungen des Unternehmens zu kommunizieren, werden die Verpflichtungen, die sich aus diesen allgemeinen Bedingungen ausgesetzt werden und die Frist f\u00fcr die Erf\u00fcllung dieser Verpflichtungen wird f\u00fcr die Dauer der \"h\u00f6here Gewalt Ereignis aufgetreten verl\u00e4ngert werden. F\u00fcr den Fall, dass das Ereignis h\u00f6herer Gewalt wirkt sich auf die Lieferzeit des gekauften Produkts, VE.Q Experience wird ein neues Lieferdatum nach der Aufl\u00f6sung des arrangieren<\/li>\n<\/ul>\n<\/li>\n<\/ul>\n\n<p>Fall von h\u00f6herer Gewalt. Wenn ein Fall h\u00f6herer Gewalt eintritt und der Nutzer die Lieferung der Produkte nicht mehr w\u00fcnscht, kann er vom Vertrag zur\u00fccktreten.<\/p>\n\n<h1 class=\"wp-block-heading\">5.         Preise und Zahlungen<\/h1>\n\n<ul class=\"wp-block-list\">\n<li>Der Preis der Produkte ist der auf der Website zum Zeitpunkt des Kaufs durch den Verbraucher angegeben. Die Preise k\u00f6nnen sich \u00e4ndern, bleiben aber im Falle von Preis\u00e4nderungen bei Artikeln, die Teil einer bereits best\u00e4tigten Bestellung sind, in \u00dcbereinstimmung mit den zum Zeitpunkt der Auftragsbest\u00e4tigung akzeptierten Preisen und an diese gebunden.\n<ul>\n<li>Die Preise beinhalten die notwendige Verpackung.<\/li>\n<\/ul>\n<ul>\n<li>Die Produktpreise enthalten keine Versandkosten, die an der Kasse berechnet werden und je nach dem geografischen Gebiet, in das die Waren versandt werden sollen, variieren k\u00f6nnen und an der Kasse vor der Zahlung angegeben werden. Die Abweichungen beziehen sich auf internationale Verk\u00e4ufe, f\u00fcr die die geltenden Bestimmungen gelten.<\/li>\n<\/ul>\n\n<ul class=\"wp-block-list\">\n<li>Die Zahlung kann per Kredit- oder Debitkarte, Mastercard, Visa oder \u00fcber PayPal, PayPal Express, Google Pay, Apple Pay erfolgen. Der Verk\u00e4ufer kann weitere Zahlungsmethoden zulassen, die im Zahlungsbereich der Website angegeben werden.<\/li>\n<\/ul>\n<\/li>\n<\/ul>\n\n<h1 class=\"wp-block-heading\">6.         Rechtliche Garantie der Konformit\u00e4t<\/h1>\n\n<ul class=\"wp-block-list\">\n<li>Der Verk\u00e4ufer garantiert dem Verbraucher, dass die Produkte frei von Konstruktionsfehlern sind und in Form und Material den auf der Website enthaltenen Abbildungen und Beschreibungen entsprechen.\n<ul>\n<li>Die Produkte enthalten Wasch- und Pflegehinweise, die auch in einem separaten Dokument enthalten sein k\u00f6nnen und nicht unbedingt auf dem Produkt selbst angebracht sind.<\/li>\n<\/ul>\n<ul>\n<li>Wenn der Verbraucher Unstimmigkeiten mit dem auf der Website beschriebenen Produkt feststellt, kann er sich an den Kundendienst wenden <a href=\"mailto:info@veqexperience.com\">info@veqexperience.com<\/a> eine Beschreibung der festgestellten Unstimmigkeit und mindestens ein Foto der Unstimmigkeit sowie eine Kopie der Kaufrechnung und eine Beschreibung des festgestellten Problems beif\u00fcgen. Der Kundendienst pr\u00fcft das festgestellte Problem und entscheidet, ob eine R\u00fccksendung genehmigt werden kann. Die Genehmigung zur R\u00fccksendung von Produkten stellt in keiner Weise eine Anerkennung von M\u00e4ngeln oder Nichtkonformit\u00e4ten dar, deren Vorhandensein nach der R\u00fccksendung festgestellt werden muss. Im Falle eines positiven Ergebnisses wird der Kundendienst dem Verbraucher alle Anweisungen f\u00fcr die R\u00fccksendung zukommen lassen.<\/li>\n<\/ul>\n<ul>\n<li>Sobald der Verk\u00e4ufer die R\u00fccksendung erhalten hat, f\u00fchrt er eine Qualit\u00e4tskontrolle durch. Das Fachpersonal des Verk\u00e4ufers pr\u00fcft zun\u00e4chst, ob das Kleidungsst\u00fcck nicht ver\u00e4ndert, getragen, gewaschen oder abgenutzt ist und sich in keiner Weise von dem unterscheidet, was zum Zeitpunkt des Verkaufs versandt wurde. Anschlie\u00dfend pr\u00fcft es, ob die vom Verbraucher beanstandete Abweichung vorliegt.<\/li>\n<\/ul>\n<ul>\n<li>Im Falle einer positiven Antwort hat der Kunde die M\u00f6glichkeit, das Produkt durch ein Produkt desselben Typs zu ersetzen, das keine Abweichungen aufweist (sofern verf\u00fcgbar), oder den gezahlten Preis zur\u00fcckzuerstatten.<\/li>\n<\/ul>\n\n<ul class=\"wp-block-list\">\n<li>Im Falle einer Preisr\u00fcckerstattung erfolgt die Stornierung, wenn m\u00f6glich, \u00fcber dieselbe Zahlungsmethode, die der Verbraucher zum Zeitpunkt des Kaufs verwendet hat.<\/li>\n<\/ul>\n<\/li>\n<\/ul>\n\n<p>Es obliegt dem Verbraucher, seine Bankverbindung anzugeben, damit der Verk\u00e4ufer in der Lage ist, den Preis zu erstatten.<\/p>\n\n<h1 class=\"wp-block-heading\">7.         R\u00fccktrittsrecht<\/h1>\n\n<ul class=\"wp-block-list\">\n<li>Vorbehaltlich der Ausnahmen gem\u00e4\u00df Artikel <a href=\"https:\/\/www.brocardi.it\/codice-del-consumo\/parte-iii\/titolo-iii\/capo-i\/sezione-ii\/art59.html\">59<\/a> des Verbraucherschutzgesetzes verf\u00fcgt der Verbraucher \u00fcber eine Frist von vierzehn Tagen, um einen im Fernabsatz oder au\u00dferhalb von Gesch\u00e4ftsr\u00e4umen geschlossenen Vertrag ohne Angabe von Gr\u00fcnden zu widerrufen, ohne dass ihm daf\u00fcr andere als die in Artikel <a href=\"https:\/\/www.brocardi.it\/codice-del-consumo\/parte-iii\/titolo-iii\/capo-i\/sezione-ii\/art56.html\">56<\/a>Absatz 2, und in Artikel <a href=\"https:\/\/www.brocardi.it\/codice-del-consumo\/parte-iii\/titolo-iii\/capo-i\/sezione-ii\/art57.html\">57<\/a>.\n<ul>\n<li>Die Frist von vierzehn Tagen beginnt mit dem Tag des Eingangs der Ware; beim Kauf mehrerer Produkte in einer Bestellung, die getrennt geliefert werden, beginnt die Frist mit dem Eingang des letzten Produkts.<\/li>\n<\/ul>\n<ul>\n<li>Um das Widerrufsrecht auszu\u00fcben, muss der Verbraucher vor Ablauf der Frist auf der Website in den speziellen Bereich f\u00fcr R\u00fccksendungen gehen und VE.Q Experience diesen Wunsch mitteilen. Alternativ kann der Verbraucher den Kundendienst unter folgender Adresse kontaktieren <a href=\"mailto:info@veqexperience.com\">info@veqexperience.com<\/a> und \u00fcbermitteln Sie eine ausdr\u00fcckliche Erkl\u00e4rung, indem Sie das Widerrufsformular beif\u00fcgen, das auf der Website in der entsprechenden Rubrik heruntergeladen werden kann.<\/li>\n<\/ul>\n\n<ul class=\"wp-block-list\">\n<li>Der Verbraucher erh\u00e4lt eine Best\u00e4tigungs-E-Mail mit Anweisungen f\u00fcr die R\u00fccksendung, die innerhalb von vierzehn Tagen nach Erhalt der Ware an VE.Q Experience zu senden ist.<\/li>\n<\/ul>\n<\/li>\n<\/ul>\n\n<p>Von Veronica Quadraroli Via Montesanto, 10\/A 01037 Ronciglione (VT)<\/p>\n\n<p>STEUERNUMMER: QDRVNC95L62M082X P.IVA: 02444390567<\/p>\n\n<ul class=\"wp-block-list\">\n<li>Der Verk\u00e4ufer erstattet nur den Preis der Ware, die Kosten der R\u00fccksendung gehen zu Lasten des Verbrauchers.\n<ul>\n<li>Die Website bietet dem Kunden eine R\u00fcckgabemethode an, die, falls der Verbraucher sich daf\u00fcr entscheidet, die Kosten f\u00fcr diese Dienstleistung vor der Best\u00e4tigung angibt. Dies gilt unbeschadet der M\u00f6glichkeit des Verbrauchers, eine R\u00fcckgabemethode seiner Wahl zu nutzen.<\/li>\n<\/ul>\n\n<ul class=\"wp-block-list\">\n<li>Zur\u00fcckgegebene Produkte m\u00fcssen unver\u00e4ndert und vollst\u00e4ndig mit allen Bestandteilen, einschlie\u00dflich Anh\u00e4ngern und Etiketten, sein. Die Produkte m\u00fcssen ungetragen, ungewaschen und frei von Abnutzungserscheinungen zur\u00fcckgegeben werden. Schuhe, die anprobiert werden sollen, m\u00fcssen auf eine gesch\u00fctzte Oberfl\u00e4che gestellt werden, um die Unversehrtheit der Sohle zu gew\u00e4hrleisten. Taschen k\u00f6nnen empfindlich sein, und dem Verbraucher wird geraten, sie mit Vorsicht zu behandeln, wenn er sich nicht sicher ist, ob er das Produkt behalten m\u00f6chte. Er sollte auch daran denken, dass dunkle Stoffe Farbe auf Taschen aus hellem Stoff \u00fcbertragen k\u00f6nnen, so dass beim Anprobieren oder Aufbewahren der Tasche Vorsicht geboten ist. Produkte, die die Anforderungen nicht erf\u00fcllen, werden nicht zur\u00fcckgenommen.<\/li>\n<\/ul>\n<\/li>\n<\/ul>\n\n<ul class=\"wp-block-list\">\n<li>Die Produkte m\u00fcssen in der Originalverpackung und unter Verwendung des R\u00fccksendeetiketts zur\u00fcckgeschickt werden, das bei der R\u00fcckgabeanforderung bereitgestellt wird.\n<ul>\n<li>Der Verk\u00e4ufer wird ein Qualit\u00e4tskontrollverfahren einleiten, bevor er den R\u00fcckgabeantrag annimmt, und nur wenn die Anforderungen erf\u00fcllt sind, wird die Erstattung vorgenommen.<\/li>\n<\/ul>\n<ul>\n<li>Das Qualit\u00e4tskontrollverfahren kann zwischen 3 und 5 Arbeitstagen nach Erhalt des Produkts dauern. Nach dieser Pr\u00fcfung, wenn es besteht, wird eine R\u00fcckerstattung ausgestellt werden. Der Zeitpunkt der R\u00fcckerstattung kann je nach den Vorschriften des Dienstes f\u00fcr die Zahlung unter denen auf der Website zur Verf\u00fcgung gestellt verwendet variieren, ist es in der Regel in maximal 7 Arbeitstagen ausgestellt.<\/li>\n<\/ul>\n\n<ul class=\"wp-block-list\">\n<li>Der Verbraucher erh\u00e4lt eine Best\u00e4tigungs-E-Mail f\u00fcr die R\u00fcckgabe und die Erstattung des Kaufpreises.<\/li>\n<\/ul>\n<\/li>\n<\/ul>\n\n<h1 class=\"wp-block-heading\">8.         Rechte an geistigem Eigentum<\/h1>\n\n<ul class=\"wp-block-list\">\n<li>Der Verbraucher erkl\u00e4rt, dass er sich bewusst ist, dass die auf der Website pr\u00e4sentierten Produkte, der verwendete Name und die Marke das ausschlie\u00dfliche Eigentum von VE.Q Experience di Veronica Quadraroli sind. Mit dem Kauf der Produkte erwirbt der Verbraucher keinerlei Rechte an ihnen. Es ist verboten, die Produkte oder einen Teil davon zu reproduzieren. Es ist verboten, sie zu kommerziellen Zwecken zu verwenden, es sei denn, es liegt eine Genehmigung des Eigent\u00fcmers vor, der der alleinige Inhaber der Rechte an den Produkten von VE.Q Experience ist. Sofern nicht von VE.Q Experience di Veronica Quadraroli genehmigt, sind alle Inhalte auf der Website - einschlie\u00dflich Text, Software, Skripte, Code, Zeichnungen, Grafiken, Fotos, T\u00f6ne, Animationen, Aufkleber, Markennamen, einschlie\u00dflich des Firmennamens, Markenzeichen, Modellnamen, alle anderen Grafiken im Allgemeinen und andere Inhalte - Eigentum von VE.Q Experience di Veronica Quadraroli und sind durch das Urheberrecht, Markenzeichen, Patent und andere Gesetze gesch\u00fctzt. VE.Q Experience di Veronica Quadraroli beh\u00e4lt sich alle Rechte vor, die nicht ausdr\u00fccklich in diesen Bedingungen aufgef\u00fchrt sind. Der Zugriff auf die Website verleiht keine Nutzungsrechte an dem, was online vorhanden ist. Abgesehen von den Nutzungsrechten, die VE.Q Experience di Veronica Quadraroli in Bezug auf die Website und ihren Inhalt ausdr\u00fccklich gew\u00e4hrt, verpflichten Sie sich, den Inhalt der Website nicht zu kopieren, zu bearbeiten, zu \u00fcbersetzen, zu vertreiben, herunterzuladen, zu \u00fcbertragen, zu verkaufen, davon abgeleitete Werke zu erstellen oder anderweitig zu verwerten, ohne die vorherige schriftliche Zustimmung von VE.Q Experience di Veronica Quadraroli. Die unbefugte Nutzung der Inhalte der Website kann eine Verletzung des Urheberrechts, des Markenrechts oder anderer Gesetze zum Schutz des geistigen Eigentums darstellen und straf- oder zivilrechtliche Sanktionen gegen Sie nach sich ziehen.<\/li>\n<\/ul>\n\n<h1 class=\"wp-block-heading\">9.       Europ\u00e4ische Streitbeilegung<\/h1>\n\n<p><a href=\"http:\/\/ec.europa.eu\/consumers\/odr\/\">Die europ\u00e4ische Gesetzgebung verlangt, dass alle Online-Shops einen Link zu den<\/a> <a href=\"http:\/\/ec.europa.eu\/consumers\/odr\/\">Online-Streitbeilegung der Europ\u00e4ischen Kommission: http:\/\/ec.europa.eu\/consumers\/odr\/.<\/a><\/p>\n\n<h1 class=\"wp-block-heading\">10.   Anwendbares Recht und Gerichtsbarkeit<\/h1>\n\n<p>F\u00fcr gerichtliche Angelegenheiten erkennt VE.Q Experience das Gericht von Viterbo als einzig zust\u00e4ndiges Gericht an.<\/p>\n\n<p>Jeder zwischen VE.Q Experience und den Verbrauchern geschlossene Vertrag unterliegt dem italienischen Recht, insbesondere dem B\u00fcrgerlichen Gesetzbuch und dem Verbrauchergesetzbuch, und wird nach diesen Bestimmungen ausgelegt.<\/p>\n\t\t\t\t\t\t\t\t<\/div>\n\t\t\t\t<\/div>\n\t\t\t\t\t<\/div>\n\t\t\t\t<\/div>\n\t\t\t\t<\/div>\n\t\t\t\t<\/div>","protected":false},"excerpt":{"rendered":"<p>Allgemeine Gesch\u00e4ftsbedingungen VE.Q Experience di Veronica Quadraroli , via Montesanto 10\/A 01037 Ronciglione (VT) l\u00e4dt Sie ein, diese allgemeinen Verkaufsbedingungen zu lesen, die den Kauf von Produkten auf der Website regeln. Mit dem Kauf akzeptiert der Benutzer die vorliegenden allgemeinen Verkaufsbedingungen vollst\u00e4ndig. Die von VE.Q Experience verkauften Produkte beziehen sich auf...<\/p>","protected":false},"author":1,"featured_media":0,"parent":0,"menu_order":0,"comment_status":"closed","ping_status":"closed","template":"elementor_header_footer","meta":{"_kadence_starter_templates_imported_post":false,"_kad_post_transparent":"","_kad_post_title":"","_kad_post_layout":"","_kad_post_sidebar_id":"","_kad_post_content_style":"","_kad_post_vertical_padding":"","_kad_post_feature":"","_kad_post_feature_position":"","_kad_post_header":false,"_kad_post_footer":false,"_kad_post_classname":"","footnotes":""},"class_list":["post-16","page","type-page","status-publish","hentry"],"_links":{"self":[{"href":"https:\/\/www.veqexperience.com\/de\/wp-json\/wp\/v2\/pages\/16","targetHints":{"allow":["GET"]}}],"collection":[{"href":"https:\/\/www.veqexperience.com\/de\/wp-json\/wp\/v2\/pages"}],"about":[{"href":"https:\/\/www.veqexperience.com\/de\/wp-json\/wp\/v2\/types\/page"}],"author":[{"embeddable":true,"href":"https:\/\/www.veqexperience.com\/de\/wp-json\/wp\/v2\/users\/1"}],"replies":[{"embeddable":true,"href":"https:\/\/www.veqexperience.com\/de\/wp-json\/wp\/v2\/comments?post=16"}],"version-history":[{"count":16,"href":"https:\/\/www.veqexperience.com\/de\/wp-json\/wp\/v2\/pages\/16\/revisions"}],"predecessor-version":[{"id":957,"href":"https:\/\/www.veqexperience.com\/de\/wp-json\/wp\/v2\/pages\/16\/revisions\/957"}],"wp:attachment":[{"href":"https:\/\/www.veqexperience.com\/de\/wp-json\/wp\/v2\/media?parent=16"}],"curies":[{"name":"wp","href":"https:\/\/api.w.org\/{rel}","templated":true}]}}